{"id":574861,"date":"2025-10-10T12:34:48","date_gmt":"2025-10-10T09:34:48","guid":{"rendered":"https:\/\/staging.nbg.eu\/product\/trigger-kmr-sa-da-from-2024\/"},"modified":"2025-10-15T11:24:58","modified_gmt":"2025-10-15T08:24:58","slug":"paeaestik-kmr-sada-alates-2024","status":"publish","type":"product","link":"https:\/\/staging.nbg.eu\/et\/toode\/paeaestik-kmr-sada-alates-2024\/","title":{"rendered":"P\u00e4\u00e4stik KMR SA\/DA (alates 2024)"},"content":{"rendered":"<h2>P\u00c4\u00c4STIK KMR SA\/DA (alates 2024)<\/h2>\n<h2>Viide: 0861-01503-0900 | Kaubam\u00e4rk: KMR Precision Arms<\/h2>\n<p>Asendusp\ufffd\ufffdstik KMR p\u00fcstolitele. M\u00f5eldud k\u00f5igile KMR alumiinium- ja terasraamiga p\u00fcstolitele, mis on toodetud alates 2024. aastast. See SA\/DA terasp\u00e4\u00e4stik sobib KMR p\u00fcstolitele.<\/p>\n<ul>\n<li>\u00dchildub 3 mm p\u00e4\u00e4stiku tihvtiga<\/li>\n<li>T\u00f6\u00f6tab L SA\/DA v\u00f5i W SA\/DA p\u00e4\u00e4stiku vardaga<\/li>\n<li>Tehase p\u00e4\u00e4stiku kuju soontega<\/li>\n<li>Sobib KMR L-02 SPECTRA ja UMBRA mudelitele (alates 2024)<\/li>\n<li>\u00dchildub KMR S-01 LANCE (OR) ja S-02 (kuni 2023)<\/li>\n<li>Sobib KMR W-02 UMBRA-le<\/li>\n<\/ul>\n<p>KMR kvaliteetne p\u00e4\u00e4stik.<\/p>\n","protected":false},"excerpt":{"rendered":"<p>Asendus SA\/DA terastrigger KMR-p\u00fcstolitele, sooneline disain.<\/p>\n","protected":false},"featured_media":574875,"template":"","meta":{"_acf_changed":false},"product_brand":[],"product_cat":[910],"product_tag":[],"class_list":{"0":"post-574861","1":"product","2":"type-product","3":"status-publish","4":"has-post-thumbnail","6":"product_cat-kmr-parts-et","8":"first","9":"instock","10":"taxable","11":"shipping-taxable","12":"purchasable","13":"product-type-simple"},"acf":[],"_links":{"self":[{"href":"https:\/\/staging.nbg.eu\/et\/wp-json\/wp\/v2\/product\/574861","targetHints":{"allow":["GET"]}}],"collection":[{"href":"https:\/\/staging.nbg.eu\/et\/wp-json\/wp\/v2\/product"}],"about":[{"href":"https:\/\/staging.nbg.eu\/et\/wp-json\/wp\/v2\/types\/product"}],"wp:featuredmedia":[{"embeddable":true,"href":"https:\/\/staging.nbg.eu\/et\/wp-json\/wp\/v2\/media\/574875"}],"wp:attachment":[{"href":"https:\/\/staging.nbg.eu\/et\/wp-json\/wp\/v2\/media?parent=574861"}],"wp:term":[{"taxonomy":"product_brand","embeddable":true,"href":"https:\/\/staging.nbg.eu\/et\/wp-json\/wp\/v2\/product_brand?post=574861"},{"taxonomy":"product_cat","embeddable":true,"href":"https:\/\/staging.nbg.eu\/et\/wp-json\/wp\/v2\/product_cat?post=574861"},{"taxonomy":"product_tag","embeddable":true,"href":"https:\/\/staging.nbg.eu\/et\/wp-json\/wp\/v2\/product_tag?post=574861"}],"curies":[{"name":"wp","href":"https:\/\/api.w.org\/{rel}","templated":true}]}}