{"id":574707,"date":"2025-10-10T12:34:45","date_gmt":"2025-10-10T09:34:45","guid":{"rendered":"https:\/\/staging.nbg.eu\/product\/trigger-kmr-sa-da-straight-from-2024\/"},"modified":"2025-10-15T11:10:40","modified_gmt":"2025-10-15T08:10:40","slug":"paeaestik-kmr-sada-sirge-alates-2024","status":"publish","type":"product","link":"https:\/\/staging.nbg.eu\/et\/toode\/paeaestik-kmr-sada-sirge-alates-2024\/","title":{"rendered":"P\u00e4\u00e4stik KMR SA\/DA sirge (alates 2024)"},"content":{"rendered":"<h2>P\u00c4\u00c4STIK KMR SA\/DA SIRGE (alates 2024)<\/h2>\n<h2>Viide: 0861-02301-0900<\/h2>\n<h3>Br\u00e4nd: KMR Precision Arms<\/h3>\n<p>P\u00c4\u00c4STIK KMR SA\/DA SIRGE on m\u00f5eldud KMR p\u00fcstolitele, mis on toodetud alates 2024. aastast. See asendusp\u00e4\u00e4stik sobib nii alumiinium- kui ka terasraamiga mudelitele.<\/p>\n<ul>\n<li>Sirge p\u00e4\u00e4stiku disain<\/li>\n<li>\u00dchildub 3 mm p\u00e4\u00e4stikutihvtiga<\/li>\n<li>T\u00f6\u00f6tab L SA\/DA v\u00f5i W SA\/DA p\u00e4\u00e4stikuhoovaga<\/li>\n<li>Terasest konstruktsioon<\/li>\n<li>Sobib KMR mudelitele: L-02 SPECTRA, L-02 UMBRA, S-01 LANCE (OR), S-02 ja W-02 UMBRA<\/li>\n<\/ul>\n<p>See sirge p\u00e4\u00e4stik on loodud kasutamiseks nii \u00fcksik- kui ka topelttegevuses. Sobib KMR p\u00fcstoli jaoks.<\/p>\n","protected":false},"excerpt":{"rendered":"<p>Sirge SA\/DA terasest p\u00e4\u00e4stik KMR-p\u00fcstolitele alates 2024. aastast. \u00dchildub 3mm tihvtiga.<\/p>\n","protected":false},"featured_media":574719,"template":"","meta":{"_acf_changed":false},"product_brand":[],"product_cat":[910],"product_tag":[],"class_list":{"0":"post-574707","1":"product","2":"type-product","3":"status-publish","4":"has-post-thumbnail","6":"product_cat-kmr-parts-et","8":"first","9":"instock","10":"taxable","11":"shipping-taxable","12":"purchasable","13":"product-type-simple"},"acf":[],"_links":{"self":[{"href":"https:\/\/staging.nbg.eu\/et\/wp-json\/wp\/v2\/product\/574707","targetHints":{"allow":["GET"]}}],"collection":[{"href":"https:\/\/staging.nbg.eu\/et\/wp-json\/wp\/v2\/product"}],"about":[{"href":"https:\/\/staging.nbg.eu\/et\/wp-json\/wp\/v2\/types\/product"}],"wp:featuredmedia":[{"embeddable":true,"href":"https:\/\/staging.nbg.eu\/et\/wp-json\/wp\/v2\/media\/574719"}],"wp:attachment":[{"href":"https:\/\/staging.nbg.eu\/et\/wp-json\/wp\/v2\/media?parent=574707"}],"wp:term":[{"taxonomy":"product_brand","embeddable":true,"href":"https:\/\/staging.nbg.eu\/et\/wp-json\/wp\/v2\/product_brand?post=574707"},{"taxonomy":"product_cat","embeddable":true,"href":"https:\/\/staging.nbg.eu\/et\/wp-json\/wp\/v2\/product_cat?post=574707"},{"taxonomy":"product_tag","embeddable":true,"href":"https:\/\/staging.nbg.eu\/et\/wp-json\/wp\/v2\/product_tag?post=574707"}],"curies":[{"name":"wp","href":"https:\/\/api.w.org\/{rel}","templated":true}]}}