{"id":57415,"date":"2024-02-20T19:53:48","date_gmt":"2024-09-13T14:33:00","guid":{"rendered":"https:\/\/staging.nbg.eu\/product\/geissele-ar15-super-precision-30mm-extended\/"},"modified":"2024-09-13T14:33:51","modified_gmt":"2024-09-13T14:33:51","slug":"geissele-ar15-super-precision-30mm-pikendatud","status":"publish","type":"product","link":"https:\/\/staging.nbg.eu\/et\/toode\/geissele-ar15-super-precision-30mm-pikendatud\/","title":{"rendered":"Geissele AR15 Super Precision\u00ae 30mm, Pikendatud"},"content":{"rendered":"<div class=\"product-description\">\n<h2>Geissele AR15 Super Precision\u00ae 30mm, pikendatud<\/h2>\n<p>AR-15\/M4 \u00fclaosadele m\u00f5eldud Geissele Super Precision\u00ae 30mm pikendatud kinnitus. P\u00f5hiomadused:<\/p>\n<ul>\n<li>7-osaline picatinny relss 4 fiksaatoriga kindlaks kinnitamiseks<\/li>\n<li>Mutri ja poldi kinnituss\u00fcsteem, mis tagab 1400 naela j\u00f5udu komplekti kohta<\/li>\n<li>Valmistatud \u00fchest t\u00fckist 7075-T6 alumiiniumist<\/li>\n<li>Tugevdatud struktuur t\u00e4nu \u00f5\u00f5nsustele ja ribidele<\/li>\n<li>T\u00e4ppisfreesitud katted skoopi paremaks sobitamiseks ja kaitseks<\/li>\n<li>Mitmek\u00fclgsed katete asukohad erinevate skoopide jaoks<\/li>\n<\/ul>\n<p>See skoobikinnitus on loodud tagama t\u00e4pset nullimist ja vastupidavust keerulistes tingimustes.<\/p>\n<\/div>\n","protected":false},"excerpt":{"rendered":"<p>T\u00e4pne 30mm AR-15 sihiku kinnitus. Turvaline, vastupidav, 7075-T6 alumiiniumist.<\/p>\n","protected":false},"featured_media":57416,"template":"","meta":{"_acf_changed":false},"product_brand":[11385],"product_cat":[610],"product_tag":[],"class_list":{"0":"post-57415","1":"product","2":"type-product","3":"status-publish","4":"has-post-thumbnail","6":"product_brand-geissele","7":"product_cat-rifle-et","9":"first","10":"instock","11":"taxable","12":"shipping-taxable","13":"product-type-variable","14":"wvs-archive-product-wrapper"},"acf":[],"_links":{"self":[{"href":"https:\/\/staging.nbg.eu\/et\/wp-json\/wp\/v2\/product\/57415","targetHints":{"allow":["GET"]}}],"collection":[{"href":"https:\/\/staging.nbg.eu\/et\/wp-json\/wp\/v2\/product"}],"about":[{"href":"https:\/\/staging.nbg.eu\/et\/wp-json\/wp\/v2\/types\/product"}],"wp:featuredmedia":[{"embeddable":true,"href":"https:\/\/staging.nbg.eu\/et\/wp-json\/wp\/v2\/media\/57416"}],"wp:attachment":[{"href":"https:\/\/staging.nbg.eu\/et\/wp-json\/wp\/v2\/media?parent=57415"}],"wp:term":[{"taxonomy":"product_brand","embeddable":true,"href":"https:\/\/staging.nbg.eu\/et\/wp-json\/wp\/v2\/product_brand?post=57415"},{"taxonomy":"product_cat","embeddable":true,"href":"https:\/\/staging.nbg.eu\/et\/wp-json\/wp\/v2\/product_cat?post=57415"},{"taxonomy":"product_tag","embeddable":true,"href":"https:\/\/staging.nbg.eu\/et\/wp-json\/wp\/v2\/product_tag?post=57415"}],"curies":[{"name":"wp","href":"https:\/\/api.w.org\/{rel}","templated":true}]}}