{"id":572762,"date":"2025-10-10T23:44:24","date_gmt":"2025-10-10T20:44:24","guid":{"rendered":"https:\/\/staging.nbg.eu\/product\/e-arthur-brown-company-inc-knob-s-lever-for-harris-type-bipods\/"},"modified":"2025-10-15T00:50:03","modified_gmt":"2025-10-14T21:50:03","slug":"e-arthur-brown-company-inc-nupukang-s-hoob-harris-tueuepi-kahejalale","status":"publish","type":"product","link":"https:\/\/staging.nbg.eu\/et\/toode\/e-arthur-brown-company-inc-nupukang-s-hoob-harris-tueuepi-kahejalale\/","title":{"rendered":"E. ARTHUR BROWN COMPANY, INC. nupukang S-hoob HARRIS-t\u00fc\u00fcpi kahejalale"},"content":{"rendered":"<h2>E. Arthur Brown Company S-Lever\u00ae Pinguti<\/h2>\n<p>Uuendage oma Harris-t\u00fc\u00fcpi v\u00f5i Caldwell XLA bipoodi S-Lever\u00ae Pingutiga. See asendus tavalisele h\u00f5\u00f5rdenupu asemele pakub:<\/p>\n<ul>\n<li>Parem kontroll ja j\u00f5u\u00f5lg kallutuse reguleerimiseks<\/li>\n<li>V\u00f5imalus t\u00e4pseks positsioneerimiseks<\/li>\n<li>Vastupidav kiudtugevdatud nailonist konstruktsioon<\/li>\n<li>Ohutust arvestav disain, mis paindub v\u00f5i puruneb suure koormuse all<\/li>\n<li>Lihtne paigaldusprotsess koos juhistega<\/li>\n<li>Valmistatud USA-s<\/li>\n<\/ul>\n<p>M\u00f5eldud S-t\u00fc\u00fcpi Harris ja Caldwell XLA bipoodidele, see must alumiiniumist hoob v\u00f5imaldab kiireid bipoodi reguleerimisi v\u00e4litingimustes. E. Arthur Brown Company S-Lever\u00ae Pinguti.<\/p>\n","protected":false},"excerpt":{"rendered":"<p>Ergonoomiline S-kang Harris-t\u00fc\u00fcpi kahejalgadel h\u00f5lpsaks kalde reguleerimiseks.<\/p>\n","protected":false},"featured_media":572827,"template":"","meta":{"_acf_changed":false},"product_brand":[],"product_cat":[2950],"product_tag":[],"class_list":{"0":"post-572762","1":"product","2":"type-product","3":"status-publish","4":"has-post-thumbnail","6":"product_cat-bipods-et","8":"first","9":"instock","10":"taxable","11":"shipping-taxable","12":"purchasable","13":"product-type-simple"},"acf":[],"_links":{"self":[{"href":"https:\/\/staging.nbg.eu\/et\/wp-json\/wp\/v2\/product\/572762","targetHints":{"allow":["GET"]}}],"collection":[{"href":"https:\/\/staging.nbg.eu\/et\/wp-json\/wp\/v2\/product"}],"about":[{"href":"https:\/\/staging.nbg.eu\/et\/wp-json\/wp\/v2\/types\/product"}],"wp:featuredmedia":[{"embeddable":true,"href":"https:\/\/staging.nbg.eu\/et\/wp-json\/wp\/v2\/media\/572827"}],"wp:attachment":[{"href":"https:\/\/staging.nbg.eu\/et\/wp-json\/wp\/v2\/media?parent=572762"}],"wp:term":[{"taxonomy":"product_brand","embeddable":true,"href":"https:\/\/staging.nbg.eu\/et\/wp-json\/wp\/v2\/product_brand?post=572762"},{"taxonomy":"product_cat","embeddable":true,"href":"https:\/\/staging.nbg.eu\/et\/wp-json\/wp\/v2\/product_cat?post=572762"},{"taxonomy":"product_tag","embeddable":true,"href":"https:\/\/staging.nbg.eu\/et\/wp-json\/wp\/v2\/product_tag?post=572762"}],"curies":[{"name":"wp","href":"https:\/\/api.w.org\/{rel}","templated":true}]}}