{"id":56949,"date":"2024-02-20T20:01:55","date_gmt":"2024-09-13T14:29:10","guid":{"rendered":"https:\/\/staging.nbg.eu\/product\/geissele-ar15-super-precision-34mm-extended\/"},"modified":"2024-09-13T14:30:15","modified_gmt":"2024-09-13T14:30:15","slug":"geissele-ar15-super-precision-34mm-pikendatud","status":"publish","type":"product","link":"https:\/\/staging.nbg.eu\/et\/toode\/geissele-ar15-super-precision-34mm-pikendatud\/","title":{"rendered":"Geissele AR15 Super Precision\u00ae 34mm, Pikendatud"},"content":{"rendered":"<div class=\"product-description\">\n<h2>Geissele AR15 Super Precision\u00ae 34mm, pikendatud<\/h2>\n<p>Geissele Super Precision\u00ae 34mm pikendatud sihiku kinnitus AR-15\/M4 jaoks. Selle kinnituse omadused on:<\/p>\n<ul>\n<li>7 picatinny sektsiooni 4 nihkeliistuga stabiilsuse tagamiseks<\/li>\n<li>Mutri ja poldi kinnituss\u00fcsteem, mis tagab 1400 naela j\u00f5udu paari kohta<\/li>\n<li>Valmistatud \u00fchest t\u00fckist 7075-T6 k\u00f5rgtugevast alumiiniumist<\/li>\n<li>J\u00e4ikus suurendatud l\u00e4bi strateegilise \u00f5\u00f5nestamise ja ribistamise<\/li>\n<li>Joondatud katted sihiku t\u00e4pseks sobitamiseks ja kaitsmiseks<\/li>\n<li>Seerianumbritega katted joonduse tagamiseks<\/li>\n<li>Sobib erinevatele sihikut\u00fc\u00fcpidele<\/li>\n<\/ul>\n<p>Geissele t\u00e4ppistehnoloogia tagab nullasendisse naasmise t\u00e4psuse ja vastupidavuse.<\/p>\n<\/div>\n","protected":false},"excerpt":{"rendered":"<p>T\u00e4ppist\u00f6\u00f6deldud 34 mm AR-15 sihiku kinnitus erakordse stabiilsuse tagamiseks.<\/p>\n","protected":false},"featured_media":56951,"template":"","meta":{"_acf_changed":false},"product_brand":[11385],"product_cat":[610],"product_tag":[],"class_list":{"0":"post-56949","1":"product","2":"type-product","3":"status-publish","4":"has-post-thumbnail","6":"product_brand-geissele","7":"product_cat-rifle-et","9":"first","10":"instock","11":"taxable","12":"shipping-taxable","13":"product-type-variable","14":"wvs-archive-product-wrapper"},"acf":[],"_links":{"self":[{"href":"https:\/\/staging.nbg.eu\/et\/wp-json\/wp\/v2\/product\/56949","targetHints":{"allow":["GET"]}}],"collection":[{"href":"https:\/\/staging.nbg.eu\/et\/wp-json\/wp\/v2\/product"}],"about":[{"href":"https:\/\/staging.nbg.eu\/et\/wp-json\/wp\/v2\/types\/product"}],"wp:featuredmedia":[{"embeddable":true,"href":"https:\/\/staging.nbg.eu\/et\/wp-json\/wp\/v2\/media\/56951"}],"wp:attachment":[{"href":"https:\/\/staging.nbg.eu\/et\/wp-json\/wp\/v2\/media?parent=56949"}],"wp:term":[{"taxonomy":"product_brand","embeddable":true,"href":"https:\/\/staging.nbg.eu\/et\/wp-json\/wp\/v2\/product_brand?post=56949"},{"taxonomy":"product_cat","embeddable":true,"href":"https:\/\/staging.nbg.eu\/et\/wp-json\/wp\/v2\/product_cat?post=56949"},{"taxonomy":"product_tag","embeddable":true,"href":"https:\/\/staging.nbg.eu\/et\/wp-json\/wp\/v2\/product_tag?post=56949"}],"curies":[{"name":"wp","href":"https:\/\/api.w.org\/{rel}","templated":true}]}}