{"id":56627,"date":"2024-02-20T20:12:58","date_gmt":"2024-09-13T13:32:07","guid":{"rendered":"https:\/\/staging.nbg.eu\/product\/geissele-super-precision-scope-mount-30mm-for-ar-15-vortex-1-6\/"},"modified":"2024-09-13T13:32:56","modified_gmt":"2024-09-13T13:32:56","slug":"geissele-super-precision-sihiku-kinnitus-30mm-ar-15-jaoks-vortex-1-6","status":"publish","type":"product","link":"https:\/\/staging.nbg.eu\/et\/toode\/geissele-super-precision-sihiku-kinnitus-30mm-ar-15-jaoks-vortex-1-6\/","title":{"rendered":"Geissele Super Precision sihiku kinnitus 30mm, AR-15 jaoks (Vortex 1-6)"},"content":{"rendered":"<div class=\"description-text\">\n<div class=\"exerpt\">\n<p>See AR-15 sihiku kinnitus on osa Geissele SOPMOD sertifitseeritud seeriast, mis sisaldab Geissele tooteid, mida kasutavad USA erioperatsioonide v\u00e4ejuhatuse (USSOCOM) k\u00f5rgetasemelised s\u00f5jav\u00e4e- ja terrorismivastased \u00fcksused. SOPMOD on USSOCOM-i programm, mis v\u00f5imaldab erioperatsioonide personalil konfigureerida oma relvi vastavalt individuaalsetele eelistustele ja missiooni n\u00f5uetele. Programm on heaks kiidetud lisaseadmete s\u00fcsteem M4A1 karabiinile, FN SCAR Mk 16\/17-le ja teistele USSOCOM-i poolt kasutatavatele relvadele. Iga Geissele SOPMOD seeria toode on l\u00e4binud USA valitsuse range testimise ja USSOCOM-i sertifitseerimise. Need optilised kinnitused on valmistatud \u00fchest 4,5-naelasest lennukikvaliteediga 7075-T6 alumiiniumist plokist.<\/p>\n<p>Individuaalselt nummerdatud sihiku katted on puuritud kere suhtes joondatult ja valmistatud \u00fche operatsiooniga, tagades parima v\u00f5imaliku sobivuse optika kerele. Geissele kinnitused lukustatakse kohale kasutades klassikalist, t\u00f5estatud mutri ja klambri s\u00fcsteemi, mis tagab 1400 naela kinnitusj\u00f5udu mutri kohta. See s\u00fcsteem pakub kuni 3 korda suuremat kinnitusj\u00f5udu kui \u00fckski hoobs\u00fcsteem, samal ajal kui t\u00e4pselt t\u00f6\u00f6deldud nihkeluugid aitavad optikat tagasil\u00f6\u00f6gi ajal vastuv\u00f5tjal paigal hoida. Kinnituspind h\u00f5lmab 8 picatinny sektsiooni.<\/p>\n<h2 style=\"text-align: center\"><strong>&#8212; SPETSIFIKATSIOONID &#8212;<\/strong><\/h2>\n<table border=\"1\">\n<tbody>\n<tr>\n<td><strong>MATERJAL: <\/strong><\/td>\n<td> 7075-T6<\/td>\n<\/tr>\n<tr>\n<td><strong>V\u00c4RV: <\/strong><\/td>\n<td> Must<\/td>\n<\/tr>\n<tr>\n<td><strong>VIIMISTLUS: <\/strong><\/td>\n<td> T\u00fc\u00fcp-3 k\u00f5va anodeerimine<\/td>\n<\/tr>\n<tr>\n<td><strong>KAAL: <\/strong><\/td>\n<td> 7,1 untsi<\/td>\n<\/tr>\n<tr>\n<td><strong>R\u00d5NGA SUURUS: <\/strong><\/td>\n<td> 30mm<\/td>\n<\/tr>\n<\/tbody>\n<\/table>\n<\/div>\n<\/div>\n","protected":false},"excerpt":{"rendered":"<p><strong>Geissele SOPMOD sertifitseeritud seeria osa<\/strong><\/p>\n","protected":false},"featured_media":56628,"template":"","meta":{"_acf_changed":false},"product_brand":[11385],"product_cat":[610],"product_tag":[],"class_list":{"0":"post-56627","1":"product","2":"type-product","3":"status-publish","4":"has-post-thumbnail","6":"product_brand-geissele","7":"product_cat-rifle-et","9":"first","10":"instock","11":"taxable","12":"shipping-taxable","13":"product-type-variable","14":"wvs-archive-product-wrapper"},"acf":[],"_links":{"self":[{"href":"https:\/\/staging.nbg.eu\/et\/wp-json\/wp\/v2\/product\/56627","targetHints":{"allow":["GET"]}}],"collection":[{"href":"https:\/\/staging.nbg.eu\/et\/wp-json\/wp\/v2\/product"}],"about":[{"href":"https:\/\/staging.nbg.eu\/et\/wp-json\/wp\/v2\/types\/product"}],"wp:featuredmedia":[{"embeddable":true,"href":"https:\/\/staging.nbg.eu\/et\/wp-json\/wp\/v2\/media\/56628"}],"wp:attachment":[{"href":"https:\/\/staging.nbg.eu\/et\/wp-json\/wp\/v2\/media?parent=56627"}],"wp:term":[{"taxonomy":"product_brand","embeddable":true,"href":"https:\/\/staging.nbg.eu\/et\/wp-json\/wp\/v2\/product_brand?post=56627"},{"taxonomy":"product_cat","embeddable":true,"href":"https:\/\/staging.nbg.eu\/et\/wp-json\/wp\/v2\/product_cat?post=56627"},{"taxonomy":"product_tag","embeddable":true,"href":"https:\/\/staging.nbg.eu\/et\/wp-json\/wp\/v2\/product_tag?post=56627"}],"curies":[{"name":"wp","href":"https:\/\/api.w.org\/{rel}","templated":true}]}}