{"id":56382,"date":"2024-02-23T19:02:45","date_gmt":"2024-09-13T13:22:28","guid":{"rendered":"https:\/\/staging.nbg.eu\/product\/fox-classic-hunter-5-6-mm-505560-gr\/"},"modified":"2024-09-13T13:23:18","modified_gmt":"2024-09-13T13:23:18","slug":"fox-classic-hunter-56-mm-505560-gr","status":"publish","type":"product","link":"https:\/\/staging.nbg.eu\/et\/toode\/fox-classic-hunter-56-mm-505560-gr\/","title":{"rendered":"Fox Classic Hunter 5,6 mm (50,55,60 gr)"},"content":{"rendered":"<div class=\"product-description\">\n<h2>Fox Classic Hunter<\/h2>\n<p>Fox Classic Hunter on pliivabu kuul, mis on m\u00f5eldud Euroopa jahimeestele erinevates jahiolukordades kasutamiseks. See vask-tsingi sulamist kuul sobib nii metssigade kui ka m\u00e4gipiirkondades toimuvaks jahiks.<\/p>\n<ul>\n<li>Pliivaba koostis<\/li>\n<li>Deformeerub efektiivselt madalamatel kokkup\u00f5rkekiirustel (500 m\/s)<\/li>\n<li>Sooniline disain v\u00e4hendab r\u00f5hku relvaraua sees ja suurendab kiirust<\/li>\n<li>Termostabilne plastikots parandab ballistikat ja l\u00f5ppefekti<\/li>\n<li>Kontrollitud paisumine energia optimaalseks \u00fclekandmiseks<\/li>\n<li>Seenekujuline deformatsioon kuni kaks korda kaliibri l\u00e4bim\u00f5\u00f5dust<\/li>\n<li>Suur peatamisj\u00f5ud minimaalse lihakahjustusega<\/li>\n<\/ul>\n<p>Fox Classic Hunter on m\u00f5eldud jahipidamiseks \u00fcle Euroopa.<\/p>\n<\/div>\n","protected":false},"excerpt":{"rendered":"<p>Pliivaba vask-tsinkkuul mitmek\u00fclgseks jahiks. Kiire laienemine, k\u00f5rge t\u00e4psus.<\/p>\n","protected":false},"featured_media":56383,"template":"","meta":{"_acf_changed":false},"product_brand":[11337],"product_cat":[1060],"product_tag":[],"class_list":{"0":"post-56382","1":"product","2":"type-product","3":"status-publish","4":"has-post-thumbnail","6":"product_brand-fox-bullets","7":"product_cat-reloading-et","9":"first","10":"instock","11":"taxable","12":"shipping-taxable","13":"purchasable","14":"product-type-variable","15":"wvs-archive-product-wrapper"},"acf":[],"_links":{"self":[{"href":"https:\/\/staging.nbg.eu\/et\/wp-json\/wp\/v2\/product\/56382","targetHints":{"allow":["GET"]}}],"collection":[{"href":"https:\/\/staging.nbg.eu\/et\/wp-json\/wp\/v2\/product"}],"about":[{"href":"https:\/\/staging.nbg.eu\/et\/wp-json\/wp\/v2\/types\/product"}],"wp:featuredmedia":[{"embeddable":true,"href":"https:\/\/staging.nbg.eu\/et\/wp-json\/wp\/v2\/media\/56383"}],"wp:attachment":[{"href":"https:\/\/staging.nbg.eu\/et\/wp-json\/wp\/v2\/media?parent=56382"}],"wp:term":[{"taxonomy":"product_brand","embeddable":true,"href":"https:\/\/staging.nbg.eu\/et\/wp-json\/wp\/v2\/product_brand?post=56382"},{"taxonomy":"product_cat","embeddable":true,"href":"https:\/\/staging.nbg.eu\/et\/wp-json\/wp\/v2\/product_cat?post=56382"},{"taxonomy":"product_tag","embeddable":true,"href":"https:\/\/staging.nbg.eu\/et\/wp-json\/wp\/v2\/product_tag?post=56382"}],"curies":[{"name":"wp","href":"https:\/\/api.w.org\/{rel}","templated":true}]}}