{"id":56169,"date":"2024-02-24T19:52:23","date_gmt":"2024-09-13T13:19:56","guid":{"rendered":"https:\/\/staging.nbg.eu\/product\/fox-classic-hunter-65-mm-139-gr\/"},"modified":"2024-09-13T13:20:48","modified_gmt":"2024-09-13T13:20:48","slug":"fox-classic-hunter-65-mm-139-gr","status":"publish","type":"product","link":"https:\/\/staging.nbg.eu\/et\/toode\/fox-classic-hunter-65-mm-139-gr\/","title":{"rendered":"Fox Classic Hunter 6,5 mm (139 gr)"},"content":{"rendered":"<div class=\"product-description\">\n<h2>Fox Classic Hunter<\/h2>\n<p>Fox Classic Hunter on mitmeotstarbeline, pliivaba kuul, mis on m\u00f5eldud Euroopa jahimeestele erinevate jahiolukordade jaoks. See vask-tsingisulami kuul sobib nii metssigade ajujahiks kui ka m\u00e4gedes kaljukitsede jahiks.<\/p>\n<ul>\n<li>Pliivaba koostis keskkonnas\u00e4\u00e4stlikkuse huvides<\/li>\n<li>Efektiivne deformatsioon madalamatel kokkup\u00f5rkekiirustel (500 m\/s)<\/li>\n<li>Sooneline disain v\u00e4hendab r\u00f5hku relvarauas ja suurendab kiirust<\/li>\n<li>Termostaabiilne plastikots parandab ballistikat ja l\u00f5ppefekti<\/li>\n<li>Kontrollitud laienemine optimaalseks energia \u00fclekandeks<\/li>\n<li>Seenekujuline deformatsioon kuni kaks korda kaliibri l\u00e4bim\u00f5\u00f5dust<\/li>\n<li>Suur peatamisv\u00f5ime minimaalse lihakahjustusega<\/li>\n<\/ul>\n<p>Fox Classic Hunter on valik eetiliseks ja t\u00f5husaks jahipidamiseks kogu Euroopas.<\/p>\n<\/div>\n","protected":false},"excerpt":{"rendered":"<p>Pliivaba vask-tsinkkuul mitmek\u00fclgseks jahipidamiseks. Kiire laienemine, suur t\u00e4psus.<\/p>\n","protected":false},"featured_media":56170,"template":"","meta":{"_acf_changed":false},"product_brand":[11337],"product_cat":[1060],"product_tag":[],"class_list":{"0":"post-56169","1":"product","2":"type-product","3":"status-publish","4":"has-post-thumbnail","6":"product_brand-fox-bullets","7":"product_cat-reloading-et","9":"first","10":"instock","11":"taxable","12":"shipping-taxable","13":"purchasable","14":"product-type-variable","15":"wvs-archive-product-wrapper"},"acf":[],"_links":{"self":[{"href":"https:\/\/staging.nbg.eu\/et\/wp-json\/wp\/v2\/product\/56169","targetHints":{"allow":["GET"]}}],"collection":[{"href":"https:\/\/staging.nbg.eu\/et\/wp-json\/wp\/v2\/product"}],"about":[{"href":"https:\/\/staging.nbg.eu\/et\/wp-json\/wp\/v2\/types\/product"}],"wp:featuredmedia":[{"embeddable":true,"href":"https:\/\/staging.nbg.eu\/et\/wp-json\/wp\/v2\/media\/56170"}],"wp:attachment":[{"href":"https:\/\/staging.nbg.eu\/et\/wp-json\/wp\/v2\/media?parent=56169"}],"wp:term":[{"taxonomy":"product_brand","embeddable":true,"href":"https:\/\/staging.nbg.eu\/et\/wp-json\/wp\/v2\/product_brand?post=56169"},{"taxonomy":"product_cat","embeddable":true,"href":"https:\/\/staging.nbg.eu\/et\/wp-json\/wp\/v2\/product_cat?post=56169"},{"taxonomy":"product_tag","embeddable":true,"href":"https:\/\/staging.nbg.eu\/et\/wp-json\/wp\/v2\/product_tag?post=56169"}],"curies":[{"name":"wp","href":"https:\/\/api.w.org\/{rel}","templated":true}]}}