{"id":55831,"date":"2024-02-28T05:48:50","date_gmt":"2024-09-13T13:17:41","guid":{"rendered":"https:\/\/staging.nbg.eu\/product\/fox-classic-hunter-311\/"},"modified":"2024-09-13T13:18:32","modified_gmt":"2024-09-13T13:18:32","slug":"fox-classic-hunter-311","status":"publish","type":"product","link":"https:\/\/staging.nbg.eu\/et\/toode\/fox-classic-hunter-311\/","title":{"rendered":"# Fox Classic Hunter .311"},"content":{"rendered":"<div class=\"product-description\">\n<h2>Fox Classic Hunter<\/h2>\n<p>Fox Classic Hunter on pliivaba kuul, mis on m\u00f5eldud Euroopa jahimeestele erinevates jahiolukordades. See vask-tsingi sulamist kuul sobib nii ajujahiks metssigadele kui ka kaljukitsede jahtimiseks m\u00e4gedes.<\/p>\n<ul>\n<li>Pliivaba koostis keskkonna s\u00e4\u00e4stmiseks<\/li>\n<li>Deformeerub efektiivselt madalamatel kokkup\u00f5rkekiirustel (500 m\/s)<\/li>\n<li>Sooniline disain v\u00e4hendab r\u00f5hku relvatorus ja suurendab kiirust<\/li>\n<li>Termostabiiline plastikots parandab ballistikat ja l\u00f5ppefekti<\/li>\n<li>Kontrollitud laienemine optimaalseks energia \u00fclekandeks<\/li>\n<li>Seenekujuline deformatsioon kuni kaks korda kaliibri l\u00e4bim\u00f5\u00f5dust<\/li>\n<li>Suur peatamisj\u00f5ud minimaalse lihakahjustusega<\/li>\n<\/ul>\n<p>Fox Classic Hunter on valik eetiliseks ja t\u00f5husaks jahipidamiseks kogu Euroopas.<\/p>\n<\/div>\n","protected":false},"excerpt":{"rendered":"<p>Pliivaba vask-tsingi kuul mitmek\u00fclgseks jahipidamiseks. Kiire laienemine, k\u00f5rge t\u00e4psus.<\/p>\n","protected":false},"featured_media":55832,"template":"","meta":{"_acf_changed":false},"product_brand":[11337],"product_cat":[1060],"product_tag":[],"class_list":{"0":"post-55831","1":"product","2":"type-product","3":"status-publish","4":"has-post-thumbnail","6":"product_brand-fox-bullets","7":"product_cat-reloading-et","9":"first","10":"instock","11":"taxable","12":"shipping-taxable","13":"purchasable","14":"product-type-variable","15":"wvs-archive-product-wrapper"},"acf":[],"_links":{"self":[{"href":"https:\/\/staging.nbg.eu\/et\/wp-json\/wp\/v2\/product\/55831","targetHints":{"allow":["GET"]}}],"collection":[{"href":"https:\/\/staging.nbg.eu\/et\/wp-json\/wp\/v2\/product"}],"about":[{"href":"https:\/\/staging.nbg.eu\/et\/wp-json\/wp\/v2\/types\/product"}],"wp:featuredmedia":[{"embeddable":true,"href":"https:\/\/staging.nbg.eu\/et\/wp-json\/wp\/v2\/media\/55832"}],"wp:attachment":[{"href":"https:\/\/staging.nbg.eu\/et\/wp-json\/wp\/v2\/media?parent=55831"}],"wp:term":[{"taxonomy":"product_brand","embeddable":true,"href":"https:\/\/staging.nbg.eu\/et\/wp-json\/wp\/v2\/product_brand?post=55831"},{"taxonomy":"product_cat","embeddable":true,"href":"https:\/\/staging.nbg.eu\/et\/wp-json\/wp\/v2\/product_cat?post=55831"},{"taxonomy":"product_tag","embeddable":true,"href":"https:\/\/staging.nbg.eu\/et\/wp-json\/wp\/v2\/product_tag?post=55831"}],"curies":[{"name":"wp","href":"https:\/\/api.w.org\/{rel}","templated":true}]}}