{"id":55775,"date":"2024-02-28T06:01:20","date_gmt":"2024-02-28T06:01:20","guid":{"rendered":"https:\/\/staging.nbg.eu\/product\/fox-classic-hunter-9-3-mm-220-gr\/"},"modified":"2024-09-13T13:17:09","modified_gmt":"2024-09-13T13:17:09","slug":"fox-classic-hunter-93-mm-220-gr","status":"publish","type":"product","link":"https:\/\/staging.nbg.eu\/et\/toode\/fox-classic-hunter-93-mm-220-gr\/","title":{"rendered":"Fox Classic Hunter 9.3 mm (220 gr)"},"content":{"rendered":"<div class=\"product-description\">\n<h2>Fox Classic Hunter<\/h2>\n<p>Fox Classic Hunter on pliivabaloomakuul, mis on m\u00f5eldud Euroopa jahimeestele erinevates jahiolukordades kasutamiseks. See vask-tsingi sulamist kuul sobib nii metsseajahiks kui ka m\u00e4gedes kaljukitsede jahiks.<\/p>\n<ul>\n<li>Pliivaba koostis<\/li>\n<li>Deformeerub madalamatel kokkup\u00f5rkekiirustel (500 m\/s)<\/li>\n<li>Sooniline disain v\u00e4hendab r\u00f5hku relvarauas ja suurendab kiirust<\/li>\n<li>Termostaabiilne plastikots parandab ballistikat ja l\u00f5ppefekti<\/li>\n<li>Kontrollitud paisumine energia \u00fclekandmiseks<\/li>\n<li>Seenekujuline deformatsioon kuni kaks korda kaliibri l\u00e4bim\u00f5\u00f5dust<\/li>\n<li>Suur peatamisv\u00f5ime minimaalse lihakahjustusega<\/li>\n<\/ul>\n<p>Fox Classic Hunter on m\u00f5eldud eetiliseks ja t\u00f5husaks jahipidamiseks kogu Euroopas.<\/p>\n<\/div>\n","protected":false},"excerpt":{"rendered":"<p>Pliivaba vask-tsink kuul mitmek\u00fclgseks jahipidamiseks. Kiire laienemine, k\u00f5rge t\u00e4psus.<\/p>\n","protected":false},"featured_media":55776,"template":"","meta":{"_acf_changed":false},"product_brand":[11337],"product_cat":[1060],"product_tag":[],"class_list":{"0":"post-55775","1":"product","2":"type-product","3":"status-publish","4":"has-post-thumbnail","6":"product_brand-fox-bullets","7":"product_cat-reloading-et","9":"first","10":"instock","11":"taxable","12":"shipping-taxable","13":"purchasable","14":"product-type-simple"},"acf":[],"_links":{"self":[{"href":"https:\/\/staging.nbg.eu\/et\/wp-json\/wp\/v2\/product\/55775","targetHints":{"allow":["GET"]}}],"collection":[{"href":"https:\/\/staging.nbg.eu\/et\/wp-json\/wp\/v2\/product"}],"about":[{"href":"https:\/\/staging.nbg.eu\/et\/wp-json\/wp\/v2\/types\/product"}],"wp:featuredmedia":[{"embeddable":true,"href":"https:\/\/staging.nbg.eu\/et\/wp-json\/wp\/v2\/media\/55776"}],"wp:attachment":[{"href":"https:\/\/staging.nbg.eu\/et\/wp-json\/wp\/v2\/media?parent=55775"}],"wp:term":[{"taxonomy":"product_brand","embeddable":true,"href":"https:\/\/staging.nbg.eu\/et\/wp-json\/wp\/v2\/product_brand?post=55775"},{"taxonomy":"product_cat","embeddable":true,"href":"https:\/\/staging.nbg.eu\/et\/wp-json\/wp\/v2\/product_cat?post=55775"},{"taxonomy":"product_tag","embeddable":true,"href":"https:\/\/staging.nbg.eu\/et\/wp-json\/wp\/v2\/product_tag?post=55775"}],"curies":[{"name":"wp","href":"https:\/\/api.w.org\/{rel}","templated":true}]}}