{"id":55621,"date":"2024-02-28T06:22:19","date_gmt":"2024-09-13T13:13:26","guid":{"rendered":"https:\/\/staging.nbg.eu\/product\/fox-ammunition-243win-80-gr\/"},"modified":"2024-09-13T13:14:16","modified_gmt":"2024-09-13T13:14:16","slug":"fox-laskemoon-243win-80-gr","status":"publish","type":"product","link":"https:\/\/staging.nbg.eu\/et\/toode\/fox-laskemoon-243win-80-gr\/","title":{"rendered":"Fox laskemoon .243win (80 gr)"},"content":{"rendered":"<div class=\"product-description\">\n<h2>Fox Classic Hunter laskemoon<\/h2>\n<p>Fox Classic Hunter kuulid on pliivabad, m\u00f5eldud k\u00f5igiks Euroopa jahiolukordadeks. Valmistatud vask-tsink sulamist, nad pakuvad:<\/p>\n<ul>\n<li>T\u00f5husus l\u00e4hidistantsilt metssea jahist kuni pikkade m\u00e4estikuv\u00f5teteni<\/li>\n<li>Usaldusv\u00e4\u00e4rne deformatsioon madalamatel kokkup\u00f5rke kiirustel (500 m\/s)<\/li>\n<li>Sooneline disain v\u00e4hendatud r\u00f5hu ja suurendatud kiiruse jaoks<\/li>\n<li>Termostabiliseeritud plastikots parandatud ballistika ja terminaalefekti jaoks<\/li>\n<li>Kontrollitud laienemine efektiivseks energia \u00fclekandeks ja peatamisv\u00f5imeks<\/li>\n<li>Seenekujuline deformatsioon kuni kaks korda kaliibri l\u00e4bim\u00f5\u00f5dust<\/li>\n<li>95%+ massi s\u00e4ilitamine tavalistes l\u00e4bistamistingimustes<\/li>\n<li>Hea liha s\u00e4ilitamine<\/li>\n<\/ul>\n<p>Fox Classic Hunter laskemoon pakub head j\u00f5udlust ja eetilist jahipidamist.<\/p>\n<\/div>\n","protected":false},"excerpt":{"rendered":"<p>Pliivaba laskemoon mitmek\u00fclgseks Euroopa jahipidamiseks. T\u00e4pne ja t\u00f5hus.<\/p>\n","protected":false},"featured_media":55622,"template":"","meta":{"_acf_changed":false},"product_brand":[11337],"product_cat":[1459,1460],"product_tag":[],"class_list":{"0":"post-55621","1":"product","2":"type-product","3":"status-publish","4":"has-post-thumbnail","6":"product_brand-fox-bullets","7":"product_cat-ammunition-et","8":"product_cat-rifle-ammunition-et","10":"first","11":"instock","12":"taxable","13":"shipping-taxable","14":"purchasable","15":"product-type-simple"},"acf":[],"_links":{"self":[{"href":"https:\/\/staging.nbg.eu\/et\/wp-json\/wp\/v2\/product\/55621","targetHints":{"allow":["GET"]}}],"collection":[{"href":"https:\/\/staging.nbg.eu\/et\/wp-json\/wp\/v2\/product"}],"about":[{"href":"https:\/\/staging.nbg.eu\/et\/wp-json\/wp\/v2\/types\/product"}],"wp:featuredmedia":[{"embeddable":true,"href":"https:\/\/staging.nbg.eu\/et\/wp-json\/wp\/v2\/media\/55622"}],"wp:attachment":[{"href":"https:\/\/staging.nbg.eu\/et\/wp-json\/wp\/v2\/media?parent=55621"}],"wp:term":[{"taxonomy":"product_brand","embeddable":true,"href":"https:\/\/staging.nbg.eu\/et\/wp-json\/wp\/v2\/product_brand?post=55621"},{"taxonomy":"product_cat","embeddable":true,"href":"https:\/\/staging.nbg.eu\/et\/wp-json\/wp\/v2\/product_cat?post=55621"},{"taxonomy":"product_tag","embeddable":true,"href":"https:\/\/staging.nbg.eu\/et\/wp-json\/wp\/v2\/product_tag?post=55621"}],"curies":[{"name":"wp","href":"https:\/\/api.w.org\/{rel}","templated":true}]}}