{"id":555044,"date":"2025-09-06T16:22:33","date_gmt":"2025-09-06T13:22:33","guid":{"rendered":"https:\/\/staging.nbg.eu\/product\/magnetospeed-llc-barrel-cooler\/"},"modified":"2025-10-01T16:52:33","modified_gmt":"2025-10-01T13:52:33","slug":"magnetospeed-llc-raua-jahuti","status":"publish","type":"product","link":"https:\/\/staging.nbg.eu\/et\/toode\/magnetospeed-llc-raua-jahuti\/","title":{"rendered":"MAGNETOSPEED LLC raua jahuti"},"content":{"rendered":"<div class=\"product-description\">\n<h2>MAGNETOSPEED LLC Rauajahuti<\/h2>\n<p>MAGNETOSPEED LLC Rauajahuti hoiab teie relva raua jahedana ja pikendab laskmissessioone. See seade kinnitub kindlalt raua k\u00fclge, tagades kiire soojuse hajumise t\u00e4psuse ja vastupidavuse parandamiseks.<\/p>\n<ul>\n<li>\u00dchildub enamiku p\u00fcssi- ja p\u00fcstoliraudadega<\/li>\n<li>Vastupidav alumiiniumkonstruktsioon<\/li>\n<li>Lihtsalt kasutatav magnetiline kinnituss\u00fcsteem<\/li>\n<li>V\u00e4hendab raua temperatuuri kuni 50%<\/li>\n<li>Kompaktne ja kerge disain kaasaskandmiseks<\/li>\n<\/ul>\n<p>MAGNETOSPEED LLC Rauajahuti tagab teie relva j\u00f5udluse nii lasketiirus kui ka v\u00f5istlustel. See lisatarvik aitab v\u00e4ltida \u00fclekuumenemisest tingitud piiranguid laskmiskogemusele.<\/p>\n<\/div>\n","protected":false},"excerpt":{"rendered":"<p>Kiire relvaraua jahutusseade tulirelvadele. Parandab t\u00e4psust ja pikendab eluiga.<\/p>\n","protected":false},"featured_media":499601,"template":"","meta":{"_acf_changed":false},"product_brand":[],"product_cat":[610,611],"product_tag":[],"class_list":{"0":"post-555044","1":"product","2":"type-product","3":"status-publish","4":"has-post-thumbnail","6":"product_cat-rifle-et","7":"product_cat-rifle-parts-et","9":"first","10":"instock","11":"taxable","12":"shipping-taxable","13":"purchasable","14":"product-type-simple"},"acf":[],"_links":{"self":[{"href":"https:\/\/staging.nbg.eu\/et\/wp-json\/wp\/v2\/product\/555044","targetHints":{"allow":["GET"]}}],"collection":[{"href":"https:\/\/staging.nbg.eu\/et\/wp-json\/wp\/v2\/product"}],"about":[{"href":"https:\/\/staging.nbg.eu\/et\/wp-json\/wp\/v2\/types\/product"}],"wp:featuredmedia":[{"embeddable":true,"href":"https:\/\/staging.nbg.eu\/et\/wp-json\/wp\/v2\/media\/499601"}],"wp:attachment":[{"href":"https:\/\/staging.nbg.eu\/et\/wp-json\/wp\/v2\/media?parent=555044"}],"wp:term":[{"taxonomy":"product_brand","embeddable":true,"href":"https:\/\/staging.nbg.eu\/et\/wp-json\/wp\/v2\/product_brand?post=555044"},{"taxonomy":"product_cat","embeddable":true,"href":"https:\/\/staging.nbg.eu\/et\/wp-json\/wp\/v2\/product_cat?post=555044"},{"taxonomy":"product_tag","embeddable":true,"href":"https:\/\/staging.nbg.eu\/et\/wp-json\/wp\/v2\/product_tag?post=555044"}],"curies":[{"name":"wp","href":"https:\/\/api.w.org\/{rel}","templated":true}]}}