{"id":554453,"date":"2025-09-05T18:19:19","date_gmt":"2025-09-05T15:19:19","guid":{"rendered":"https:\/\/staging.nbg.eu\/product\/magpul-enhanced-ejection-port-cover-for-ar-15\/"},"modified":"2025-10-01T16:37:23","modified_gmt":"2025-10-01T13:37:23","slug":"magpul-taeiustatud-vaeljalaskeava-kate-ar-15-le","status":"publish","type":"product","link":"https:\/\/staging.nbg.eu\/et\/toode\/magpul-taeiustatud-vaeljalaskeava-kate-ar-15-le\/","title":{"rendered":"MAGPUL t\u00e4iustatud v\u00e4ljalaskeava kate AR-15-le"},"content":{"rendered":"<div class=\"product-description\">\n<h2>Magpul t\u00e4iustatud v\u00e4ljastuspordi kate AR-15-le<\/h2>\n<p>Magpul t\u00e4iustatud v\u00e4ljastuspordi kate on AR-15 jaoks loodud komponent. See tolmukate sisaldab j\u00e4rgmisi omadusi:<\/p>\n<ul>\n<li>Korrosioonikindel ja l\u00f6\u00f6gikindel s\u00fcstvormi valatud pol\u00fcmeer konstruktsioon<\/li>\n<li>Lihtne paigaldus ilma k\u00e4epideme, rauamutri, C-klambrite v\u00f5i vedrude eemaldamiseta<\/li>\n<li>\u00dchildub .223 Remington\/5.56 kaliibri AR-15 platvormidega<\/li>\n<li>Must viimistlus<\/li>\n<\/ul>\n<p>Magpul t\u00e4iustatud v\u00e4ljastuspordi kate pakub h\u00f5lpsat paigaldust ja hooldust. See on AR-15 lisavarustus, mis \u00fchendab funktsionaalsuse ja lihtsuse.<\/p>\n<\/div>\n","protected":false},"excerpt":{"rendered":"<p>Pealekinnitatav, korrosioonikindel AR-15 tolmukate. Lihtne paigaldada.<\/p>\n","protected":false},"featured_media":499442,"template":"","meta":{"_acf_changed":false},"product_brand":[],"product_cat":[608,610,611],"product_tag":[],"class_list":{"0":"post-554453","1":"product","2":"type-product","3":"status-publish","4":"has-post-thumbnail","6":"product_cat-ar-tuning-et","7":"product_cat-rifle-et","8":"product_cat-rifle-parts-et","10":"first","11":"instock","12":"taxable","13":"shipping-taxable","14":"purchasable","15":"product-type-simple"},"acf":[],"_links":{"self":[{"href":"https:\/\/staging.nbg.eu\/et\/wp-json\/wp\/v2\/product\/554453","targetHints":{"allow":["GET"]}}],"collection":[{"href":"https:\/\/staging.nbg.eu\/et\/wp-json\/wp\/v2\/product"}],"about":[{"href":"https:\/\/staging.nbg.eu\/et\/wp-json\/wp\/v2\/types\/product"}],"wp:featuredmedia":[{"embeddable":true,"href":"https:\/\/staging.nbg.eu\/et\/wp-json\/wp\/v2\/media\/499442"}],"wp:attachment":[{"href":"https:\/\/staging.nbg.eu\/et\/wp-json\/wp\/v2\/media?parent=554453"}],"wp:term":[{"taxonomy":"product_brand","embeddable":true,"href":"https:\/\/staging.nbg.eu\/et\/wp-json\/wp\/v2\/product_brand?post=554453"},{"taxonomy":"product_cat","embeddable":true,"href":"https:\/\/staging.nbg.eu\/et\/wp-json\/wp\/v2\/product_cat?post=554453"},{"taxonomy":"product_tag","embeddable":true,"href":"https:\/\/staging.nbg.eu\/et\/wp-json\/wp\/v2\/product_tag?post=554453"}],"curies":[{"name":"wp","href":"https:\/\/api.w.org\/{rel}","templated":true}]}}