{"id":554260,"date":"2025-09-06T16:21:27","date_gmt":"2025-09-06T13:21:27","guid":{"rendered":"https:\/\/staging.nbg.eu\/product\/armazone-q-r-viper-30mm\/"},"modified":"2025-10-01T16:26:00","modified_gmt":"2025-10-01T13:26:00","slug":"armazone-q-r-viper-30mm","status":"publish","type":"product","link":"https:\/\/staging.nbg.eu\/et\/toode\/armazone-q-r-viper-30mm\/","title":{"rendered":"# Armazone Q-R Viper 30mm"},"content":{"rendered":"<h2>Armazone Q-R Viper 30mm<\/h2>\n<p>Armazone Q-R Viper 30mm on QR-adapter seadmetele M33.5\u00d70.75 keermega. See \u00fchest osast koosnev kinnitus v\u00f5imaldab \u00f6\u00f6vaatlus- v\u00f5i termokaameraid kinnitada erinevate p\u00e4evaste sihikutega.<\/p>\n<h2>P\u00f5hiomadused:<\/h2>\n<ul>\n<li>Kiirkinnitushoob lihtsaks paigaldamiseks ja eemaldamiseks<\/li>\n<li>T\u00f6\u00f6riistadeta reguleerimine ja paigaldamine<\/li>\n<li>ArmaZone teip m\u00fcra v\u00e4hendamiseks paigaldamise ja laskmise ajal<\/li>\n<li>\u00dchildub Nitehog termoseadmetega<\/li>\n<li>Kompenseerib kuni 1mm allapoole k\u00f5rvalekallet<\/li>\n<\/ul>\n<p>Armazone Q-R Viper 30mm on lahendus laskuritele ja jahimeestele, kes soovivad parandada \u00f6iseid v\u00f5imekusi.<\/p>\n","protected":false},"excerpt":{"rendered":"<p>Kiirkinnitusadapter termokaameratele Nitehog sihikutele. T\u00f6\u00f6riistavaba.<\/p>\n","protected":false},"featured_media":499531,"template":"","meta":{"_acf_changed":false},"product_brand":[],"product_cat":[772,2908,2369],"product_tag":[],"class_list":{"0":"post-554260","1":"product","2":"type-product","3":"status-publish","4":"has-post-thumbnail","6":"product_cat-aiming-et","7":"product_cat-aiming-accessories-et","8":"product_cat-thermal-et","10":"first","11":"instock","12":"taxable","13":"shipping-taxable","14":"purchasable","15":"product-type-simple"},"acf":[],"_links":{"self":[{"href":"https:\/\/staging.nbg.eu\/et\/wp-json\/wp\/v2\/product\/554260","targetHints":{"allow":["GET"]}}],"collection":[{"href":"https:\/\/staging.nbg.eu\/et\/wp-json\/wp\/v2\/product"}],"about":[{"href":"https:\/\/staging.nbg.eu\/et\/wp-json\/wp\/v2\/types\/product"}],"wp:featuredmedia":[{"embeddable":true,"href":"https:\/\/staging.nbg.eu\/et\/wp-json\/wp\/v2\/media\/499531"}],"wp:attachment":[{"href":"https:\/\/staging.nbg.eu\/et\/wp-json\/wp\/v2\/media?parent=554260"}],"wp:term":[{"taxonomy":"product_brand","embeddable":true,"href":"https:\/\/staging.nbg.eu\/et\/wp-json\/wp\/v2\/product_brand?post=554260"},{"taxonomy":"product_cat","embeddable":true,"href":"https:\/\/staging.nbg.eu\/et\/wp-json\/wp\/v2\/product_cat?post=554260"},{"taxonomy":"product_tag","embeddable":true,"href":"https:\/\/staging.nbg.eu\/et\/wp-json\/wp\/v2\/product_tag?post=554260"}],"curies":[{"name":"wp","href":"https:\/\/api.w.org\/{rel}","templated":true}]}}