{"id":55098,"date":"2024-01-30T18:04:43","date_gmt":"2024-09-13T13:10:53","guid":{"rendered":"https:\/\/staging.nbg.eu\/product\/fox-ammunition-308win\/"},"modified":"2024-09-13T13:11:48","modified_gmt":"2024-09-13T13:11:48","slug":"fox-laskemoon-308win","status":"publish","type":"product","link":"https:\/\/staging.nbg.eu\/et\/toode\/fox-laskemoon-308win\/","title":{"rendered":"Fox laskemoon 308win"},"content":{"rendered":"<div class=\"product-description\">\n<h2>Fox Classic Hunter laskemoon<\/h2>\n<p>Fox Classic Hunter kuulid on pliivabad, m\u00f5eldud k\u00f5ikideks Euroopa jahiolukordadeks. Valmistatud vase-tsingi sulamist, nad pakuvad:<\/p>\n<ul>\n<li>T\u00f5husus l\u00e4hidistantsi metssea jahist kaugete m\u00e4estikujahini<\/li>\n<li>Usaldusv\u00e4\u00e4rne deformatsioon madalamatel kokkup\u00f5rke kiirustel (500 m\/s)<\/li>\n<li>Sooniline disain v\u00e4hendatud relvar\u00f5hu ja suurenenud kiiruse jaoks<\/li>\n<li>Termostabiline plastikots parandatud ballistika ja l\u00f5ppefekti jaoks<\/li>\n<li>Kontrollitud paisumine t\u00f5husaks energia \u00fclekandeks ja peatamisj\u00f5uks<\/li>\n<li>Seenekujuline deformatsioon kuni kahekordse kaliibri l\u00e4bim\u00f5\u00f5duni<\/li>\n<li>95%+ massi s\u00e4ilitamine tavalistes l\u00e4bistamistingimustes<\/li>\n<li>Hea liha s\u00e4ilitamine<\/li>\n<\/ul>\n<p>Fox Classic Hunter laskemoon pakub head j\u00f5udlust ja eetilist jahipidamist.<\/p>\n<\/div>\n","protected":false},"excerpt":{"rendered":"<p>Pliivaba laskemoon mitmek\u00fclgseks Euroopa jahipidamiseks. T\u00e4pne ja t\u00f5hus.<\/p>\n","protected":false},"featured_media":55099,"template":"","meta":{"_acf_changed":false},"product_brand":[11337],"product_cat":[1459,1460],"product_tag":[],"class_list":{"0":"post-55098","1":"product","2":"type-product","3":"status-publish","4":"has-post-thumbnail","6":"product_brand-fox-bullets","7":"product_cat-ammunition-et","8":"product_cat-rifle-ammunition-et","10":"first","11":"instock","12":"taxable","13":"shipping-taxable","14":"purchasable","15":"product-type-variable","16":"wvs-archive-product-wrapper"},"acf":[],"_links":{"self":[{"href":"https:\/\/staging.nbg.eu\/et\/wp-json\/wp\/v2\/product\/55098","targetHints":{"allow":["GET"]}}],"collection":[{"href":"https:\/\/staging.nbg.eu\/et\/wp-json\/wp\/v2\/product"}],"about":[{"href":"https:\/\/staging.nbg.eu\/et\/wp-json\/wp\/v2\/types\/product"}],"wp:featuredmedia":[{"embeddable":true,"href":"https:\/\/staging.nbg.eu\/et\/wp-json\/wp\/v2\/media\/55099"}],"wp:attachment":[{"href":"https:\/\/staging.nbg.eu\/et\/wp-json\/wp\/v2\/media?parent=55098"}],"wp:term":[{"taxonomy":"product_brand","embeddable":true,"href":"https:\/\/staging.nbg.eu\/et\/wp-json\/wp\/v2\/product_brand?post=55098"},{"taxonomy":"product_cat","embeddable":true,"href":"https:\/\/staging.nbg.eu\/et\/wp-json\/wp\/v2\/product_cat?post=55098"},{"taxonomy":"product_tag","embeddable":true,"href":"https:\/\/staging.nbg.eu\/et\/wp-json\/wp\/v2\/product_tag?post=55098"}],"curies":[{"name":"wp","href":"https:\/\/api.w.org\/{rel}","templated":true}]}}