{"id":55005,"date":"2024-03-01T10:28:01","date_gmt":"2024-09-13T13:08:14","guid":{"rendered":"https:\/\/staging.nbg.eu\/product\/fox-ammunition-300winmag\/"},"modified":"2024-09-13T13:09:05","modified_gmt":"2024-09-13T13:09:05","slug":"fox-laskemoon-300winmag","status":"publish","type":"product","link":"https:\/\/staging.nbg.eu\/et\/toode\/fox-laskemoon-300winmag\/","title":{"rendered":"Fox laskemoon .300winmag"},"content":{"rendered":"<div class=\"product-description\">\n<h2>Fox Classic Hunter laskemoon<\/h2>\n<p>Fox Classic Hunter kuulid on pliivabad, m\u00f5eldud k\u00f5ikideks Euroopa jahiolukordadeks. Valmistatud vask-tsink sulamist, nad pakuvad:<\/p>\n<ul>\n<li>T\u00f5husust nii l\u00e4hidistantsi metssea jahist kuni pikkade m\u00e4gijahilaskudeni<\/li>\n<li>Usaldusv\u00e4\u00e4rset deformatsiooni madalamatel tabamiskiirustel (500 m\/s)<\/li>\n<li>Soonilist disaini v\u00e4hendatud r\u00f5hu ja suurenenud kiiruse jaoks<\/li>\n<li>Termostabiliseeritud plastikotsa paremaks ballistikaks ja l\u00f5ppefektiks<\/li>\n<li>Kontrollitud paisumist energia \u00fclekandeks ja peatamisv\u00f5imeks<\/li>\n<li>Seenekujulist deformatsiooni kuni kahekordse kaliibridiameetrini<\/li>\n<li>95%+ massi s\u00e4ilitamist tavalistes l\u00e4bistamistingimustes<\/li>\n<li>Head liha s\u00e4ilitamist<\/li>\n<\/ul>\n<p>Fox Classic Hunter laskemoon pakub head j\u00f5udlust ja eetilist jahipidamist.<\/p>\n<\/div>\n","protected":false},"excerpt":{"rendered":"<p>Pliivaba laskemoon mitmek\u00fclgseks Euroopa jahipidamiseks. T\u00e4pne ja t\u00f5hus.<\/p>\n","protected":false},"featured_media":55006,"template":"","meta":{"_acf_changed":false},"product_brand":[11337],"product_cat":[1459,1460],"product_tag":[],"class_list":{"0":"post-55005","1":"product","2":"type-product","3":"status-publish","4":"has-post-thumbnail","6":"product_brand-fox-bullets","7":"product_cat-ammunition-et","8":"product_cat-rifle-ammunition-et","10":"first","11":"instock","12":"taxable","13":"shipping-taxable","14":"purchasable","15":"product-type-simple"},"acf":[],"_links":{"self":[{"href":"https:\/\/staging.nbg.eu\/et\/wp-json\/wp\/v2\/product\/55005","targetHints":{"allow":["GET"]}}],"collection":[{"href":"https:\/\/staging.nbg.eu\/et\/wp-json\/wp\/v2\/product"}],"about":[{"href":"https:\/\/staging.nbg.eu\/et\/wp-json\/wp\/v2\/types\/product"}],"wp:featuredmedia":[{"embeddable":true,"href":"https:\/\/staging.nbg.eu\/et\/wp-json\/wp\/v2\/media\/55006"}],"wp:attachment":[{"href":"https:\/\/staging.nbg.eu\/et\/wp-json\/wp\/v2\/media?parent=55005"}],"wp:term":[{"taxonomy":"product_brand","embeddable":true,"href":"https:\/\/staging.nbg.eu\/et\/wp-json\/wp\/v2\/product_brand?post=55005"},{"taxonomy":"product_cat","embeddable":true,"href":"https:\/\/staging.nbg.eu\/et\/wp-json\/wp\/v2\/product_cat?post=55005"},{"taxonomy":"product_tag","embeddable":true,"href":"https:\/\/staging.nbg.eu\/et\/wp-json\/wp\/v2\/product_tag?post=55005"}],"curies":[{"name":"wp","href":"https:\/\/api.w.org\/{rel}","templated":true}]}}