{"id":54943,"date":"2024-03-01T10:36:26","date_gmt":"2024-03-01T10:36:26","guid":{"rendered":"https:\/\/staging.nbg.eu\/product\/fox-ammunition-93x62-220-gr\/"},"modified":"2024-09-13T13:07:40","modified_gmt":"2024-09-13T13:07:40","slug":"fox-laskemoon-93x62-220-gr","status":"publish","type":"product","link":"https:\/\/staging.nbg.eu\/et\/toode\/fox-laskemoon-93x62-220-gr\/","title":{"rendered":"Fox laskemoon 9,3&#215;62 &#8211; 220 gr"},"content":{"rendered":"<div class=\"product-description\">\n<h2>Fox Classic Hunter laskemoon<\/h2>\n<p>Fox Classic Hunter kuulid on pliivabad, m\u00f5eldud k\u00f5igiks Euroopa jahiolukordadeks. Valmistatud vase-tsingi sulamist, nende omadused on:<\/p>\n<ul>\n<li>T\u00f5hus toimimine l\u00e4hidistantsil metssea jahist kaugete m\u00e4gilastudeni<\/li>\n<li>Usaldusv\u00e4\u00e4rne deformatsioon madalamatel kokkup\u00f5rkekiirustel (500 m\/s)<\/li>\n<li>Sooneline disain v\u00e4hendatud r\u00f5hu ja suurema kiiruse jaoks relvarauas<\/li>\n<li>Termiliselt stabiilne plastikots parema ballistika ja l\u00f5ppefekti jaoks<\/li>\n<li>Kontrollitud laienemine t\u00f5husaks energia \u00fclekandmiseks ja peatamisj\u00f5uks<\/li>\n<li>Seene kujuline deformatsioon kuni kaks korda kaliibri l\u00e4bim\u00f5\u00f5dust<\/li>\n<li>95%+ massi s\u00e4ilitamine tavalistes l\u00e4bistamistingimustes<\/li>\n<li>Hea liha s\u00e4ilitamine<\/li>\n<\/ul>\n<p>Fox Classic Hunter laskemoon pakub head j\u00f5udlust ja eetilist jahipidamist.<\/p>\n<\/div>\n","protected":false},"excerpt":{"rendered":"<p>Pliivaba laskemoon mitmek\u00fclgseks Euroopa jahinduseks. T\u00e4pne ja t\u00f5hus.<\/p>\n","protected":false},"featured_media":54944,"template":"","meta":{"_acf_changed":false},"product_brand":[11337],"product_cat":[1459,839,1460],"product_tag":[],"class_list":{"0":"post-54943","1":"product","2":"type-product","3":"status-publish","4":"has-post-thumbnail","6":"product_brand-fox-bullets","7":"product_cat-ammunition-et","8":"product_cat-licensed-et","9":"product_cat-rifle-ammunition-et","11":"first","12":"instock","13":"taxable","14":"shipping-taxable","15":"purchasable","16":"product-type-simple"},"acf":[],"_links":{"self":[{"href":"https:\/\/staging.nbg.eu\/et\/wp-json\/wp\/v2\/product\/54943","targetHints":{"allow":["GET"]}}],"collection":[{"href":"https:\/\/staging.nbg.eu\/et\/wp-json\/wp\/v2\/product"}],"about":[{"href":"https:\/\/staging.nbg.eu\/et\/wp-json\/wp\/v2\/types\/product"}],"wp:featuredmedia":[{"embeddable":true,"href":"https:\/\/staging.nbg.eu\/et\/wp-json\/wp\/v2\/media\/54944"}],"wp:attachment":[{"href":"https:\/\/staging.nbg.eu\/et\/wp-json\/wp\/v2\/media?parent=54943"}],"wp:term":[{"taxonomy":"product_brand","embeddable":true,"href":"https:\/\/staging.nbg.eu\/et\/wp-json\/wp\/v2\/product_brand?post=54943"},{"taxonomy":"product_cat","embeddable":true,"href":"https:\/\/staging.nbg.eu\/et\/wp-json\/wp\/v2\/product_cat?post=54943"},{"taxonomy":"product_tag","embeddable":true,"href":"https:\/\/staging.nbg.eu\/et\/wp-json\/wp\/v2\/product_tag?post=54943"}],"curies":[{"name":"wp","href":"https:\/\/api.w.org\/{rel}","templated":true}]}}