{"id":54735,"date":"2024-03-01T10:55:25","date_gmt":"2024-09-13T13:05:02","guid":{"rendered":"https:\/\/staging.nbg.eu\/product\/fox-ammunition-30-06-spring-165-180-gr\/"},"modified":"2024-09-13T13:05:52","modified_gmt":"2024-09-13T13:05:52","slug":"fox-laskemoon-30-06-spring-165180-gr","status":"publish","type":"product","link":"https:\/\/staging.nbg.eu\/et\/toode\/fox-laskemoon-30-06-spring-165180-gr\/","title":{"rendered":"Fox laskemoon 30-06 Spring. (165\/180 gr)"},"content":{"rendered":"<div class=\"product-description\">\n<h2>Fox Classic Hunter laskemoon<\/h2>\n<p>Fox Classic Hunter kuulid on pliivabad, m\u00f5eldud k\u00f5ikideks Euroopa jahiolukordadeks. Valmistatud vask-tsink sulamist, nad pakuvad:<\/p>\n<ul>\n<li>T\u00f5husus l\u00e4hidistantsilt metssea jahist kaugete m\u00e4gijahilaskudeni<\/li>\n<li>Usaldusv\u00e4\u00e4rne deformatsioon madalamatel kokkup\u00f5rke kiirustel (500 m\/s)<\/li>\n<li>Sooneline disain v\u00e4hendatud r\u00f5hu ja suurema kiiruse jaoks<\/li>\n<li>Termostabiliseeritud plastikots parandatud ballistika ja l\u00f5ppefekti jaoks<\/li>\n<li>Kontrollitud laienemine energia \u00fclekandmiseks ja peatamisv\u00f5imeks<\/li>\n<li>Seenekujuline deformatsioon kuni kahekordse kaliibrini<\/li>\n<li>95%+ massi s\u00e4ilitamine tavalistes l\u00e4bistamistingimustes<\/li>\n<li>Hea liha s\u00e4ilitamine<\/li>\n<\/ul>\n<p>Fox Classic Hunter laskemoon pakub head j\u00f5udlust ja eetilist jahipidamist.<\/p>\n<\/div>\n","protected":false},"excerpt":{"rendered":"<p>Pliivaba laskemoon mitmek\u00fclgseks Euroopa jahipidamiseks. T\u00e4pne ja t\u00f5hus.<\/p>\n","protected":false},"featured_media":54736,"template":"","meta":{"_acf_changed":false},"product_brand":[11337],"product_cat":[1459,839,1460],"product_tag":[],"class_list":{"0":"post-54735","1":"product","2":"type-product","3":"status-publish","4":"has-post-thumbnail","6":"product_brand-fox-bullets","7":"product_cat-ammunition-et","8":"product_cat-licensed-et","9":"product_cat-rifle-ammunition-et","11":"first","12":"instock","13":"taxable","14":"shipping-taxable","15":"purchasable","16":"product-type-variable","17":"wvs-archive-product-wrapper"},"acf":[],"_links":{"self":[{"href":"https:\/\/staging.nbg.eu\/et\/wp-json\/wp\/v2\/product\/54735","targetHints":{"allow":["GET"]}}],"collection":[{"href":"https:\/\/staging.nbg.eu\/et\/wp-json\/wp\/v2\/product"}],"about":[{"href":"https:\/\/staging.nbg.eu\/et\/wp-json\/wp\/v2\/types\/product"}],"wp:featuredmedia":[{"embeddable":true,"href":"https:\/\/staging.nbg.eu\/et\/wp-json\/wp\/v2\/media\/54736"}],"wp:attachment":[{"href":"https:\/\/staging.nbg.eu\/et\/wp-json\/wp\/v2\/media?parent=54735"}],"wp:term":[{"taxonomy":"product_brand","embeddable":true,"href":"https:\/\/staging.nbg.eu\/et\/wp-json\/wp\/v2\/product_brand?post=54735"},{"taxonomy":"product_cat","embeddable":true,"href":"https:\/\/staging.nbg.eu\/et\/wp-json\/wp\/v2\/product_cat?post=54735"},{"taxonomy":"product_tag","embeddable":true,"href":"https:\/\/staging.nbg.eu\/et\/wp-json\/wp\/v2\/product_tag?post=54735"}],"curies":[{"name":"wp","href":"https:\/\/api.w.org\/{rel}","templated":true}]}}