{"id":547116,"date":"2025-09-05T18:15:58","date_gmt":"2025-09-05T15:15:58","guid":{"rendered":"https:\/\/staging.nbg.eu\/product\/mount-arta435-34-34mm\/"},"modified":"2025-10-01T11:12:23","modified_gmt":"2025-10-01T08:12:23","slug":"kinnitus-arta435-34-34mm","status":"publish","type":"product","link":"https:\/\/staging.nbg.eu\/et\/toode\/kinnitus-arta435-34-34mm\/","title":{"rendered":"Kinnitus ARTA435-34, 34mm"},"content":{"rendered":"<div class=\"product-description\">\n<h2>XSKEL34TW Gen 2 Pikendatud Skeletoniseeritud 34mm MSR Kinnitus<\/h2>\n<p>XSKEL34TW Gen 2 on pikendatud skeletoniseeritud 34mm MSR kinnitus, mis on m\u00f5eldud kasutamiseks AR15, AR10 t\u00fc\u00fcpi relvadel ja spordip\u00fcssidel, millel on 2,75&#8243; v\u00f5i pikem Picatinny siinikinnituss\u00fcsteem.<\/p>\n<h2>P\u00f5hiomadused:<\/h2>\n<ul>\n<li>MSR ideaalne k\u00f5rgus joondamiseks<\/li>\n<li>\u00dcle 2 tolli eesmine konsool tasakaalu parandamiseks<\/li>\n<li>Terasest keermestatud sisendid kruvide jaoks<\/li>\n<li>Kerge, kuid tugev skeletoniseeritud disain<\/li>\n<li>Valmistatud 6061 alumiiniumist CNC t\u00f6\u00f6tlemise teel<\/li>\n<li>1-osaline k\u00fclgklamber lisatugevuse jaoks<\/li>\n<\/ul>\n<p>XSKEL34TW on m\u00f5eldud suuremate ja raskemate 34mm toruga sihikute jaoks, sealhulgas v\u00e4ikese v\u00f5imsusega muutuvate optikate ja pika vahemaa optikate jaoks kuni 56mm objektiividega. See paigutab optika ideaalsele k\u00f5rgusele ja ettepoole AR platvormil.<\/p>\n<p>Sobib AR-15, M-4, SR-25, LR308, PTR-91 ja teiste MSR-idega, millel on v\u00e4hemalt 3-tolline Picatinny siin. Seda kasutatakse ka taktikalistel hoobp\u00fcssidel.<\/p>\n<p>XSKEL34TW MSR\/AR kinnitust kasutavad 3-relva laskurid, v\u00f5istluslaskurid ja taktikalised harrastajad v\u00f5istlustel, taktikalistel missioonidel ja AR jahipidamisel.<\/p>\n<p>XSKEL34TW Gen 2 pikendatud skeletoniseeritud 34mm MSR kinnitus on kerge ja vastupidav optika kinnitamise lahendus.<\/p>\n<\/div>\n","protected":false},"excerpt":{"rendered":"<p>Kerge, vastupidav 34mm AR-skoobikinnitus. Ideaalne k\u00f5rgus, 2&#8243; konsool.<\/p>\n","protected":false},"featured_media":499247,"template":"","meta":{"_acf_changed":false},"product_brand":[],"product_cat":[772,2908,2369],"product_tag":[],"class_list":{"0":"post-547116","1":"product","2":"type-product","3":"status-publish","4":"has-post-thumbnail","6":"product_cat-aiming-et","7":"product_cat-aiming-accessories-et","8":"product_cat-thermal-et","10":"first","11":"instock","12":"taxable","13":"shipping-taxable","14":"purchasable","15":"product-type-simple"},"acf":[],"_links":{"self":[{"href":"https:\/\/staging.nbg.eu\/et\/wp-json\/wp\/v2\/product\/547116","targetHints":{"allow":["GET"]}}],"collection":[{"href":"https:\/\/staging.nbg.eu\/et\/wp-json\/wp\/v2\/product"}],"about":[{"href":"https:\/\/staging.nbg.eu\/et\/wp-json\/wp\/v2\/types\/product"}],"wp:featuredmedia":[{"embeddable":true,"href":"https:\/\/staging.nbg.eu\/et\/wp-json\/wp\/v2\/media\/499247"}],"wp:attachment":[{"href":"https:\/\/staging.nbg.eu\/et\/wp-json\/wp\/v2\/media?parent=547116"}],"wp:term":[{"taxonomy":"product_brand","embeddable":true,"href":"https:\/\/staging.nbg.eu\/et\/wp-json\/wp\/v2\/product_brand?post=547116"},{"taxonomy":"product_cat","embeddable":true,"href":"https:\/\/staging.nbg.eu\/et\/wp-json\/wp\/v2\/product_cat?post=547116"},{"taxonomy":"product_tag","embeddable":true,"href":"https:\/\/staging.nbg.eu\/et\/wp-json\/wp\/v2\/product_tag?post=547116"}],"curies":[{"name":"wp","href":"https:\/\/api.w.org\/{rel}","templated":true}]}}