{"id":545537,"date":"2025-09-05T18:15:43","date_gmt":"2025-09-05T15:15:43","guid":{"rendered":"https:\/\/staging.nbg.eu\/product\/kmr-baseball-cap\/"},"modified":"2025-10-01T10:40:40","modified_gmt":"2025-10-01T07:40:40","slug":"kmr-pesapallimuets","status":"publish","type":"product","link":"https:\/\/staging.nbg.eu\/et\/toode\/kmr-pesapallimuets\/","title":{"rendered":"KMR Pesapallim\u00fcts"},"content":{"rendered":"<h2>KMR pesapallim\u00fcts<\/h2>\n<h2>Viide: 0380-00501-0000<\/h2>\n<p>KMR Precision Arms&#8217;i pesapallim\u00fcts. See m\u00fcts on m\u00f5eldud kasutamiseks lasketiirus v\u00f5i v\u00e4litingimustes. M\u00fctsi esik\u00fcljel on KMR logo. Sobib laskesportlastele ja relvahuvilistele. Reguleeritav rihm v\u00f5imaldab m\u00fctsi suurust kohandada. Hingav materjal aitab hoida pead jahedana. KMR lisavarustus.<\/p>\n","protected":false},"excerpt":{"rendered":"<p>KMR pesapallim\u00fcts: Stiilne v\u00f5istluspeakate t\u00e4psuslaskuritele.<\/p>\n","protected":false},"featured_media":499063,"template":"","meta":{"_acf_changed":false},"product_brand":[],"product_cat":[489],"product_tag":[],"class_list":{"0":"post-545537","1":"product","2":"type-product","3":"status-publish","4":"has-post-thumbnail","6":"product_cat-uncategorized-et","8":"first","9":"instock","10":"taxable","11":"shipping-taxable","12":"purchasable","13":"product-type-simple"},"acf":[],"_links":{"self":[{"href":"https:\/\/staging.nbg.eu\/et\/wp-json\/wp\/v2\/product\/545537","targetHints":{"allow":["GET"]}}],"collection":[{"href":"https:\/\/staging.nbg.eu\/et\/wp-json\/wp\/v2\/product"}],"about":[{"href":"https:\/\/staging.nbg.eu\/et\/wp-json\/wp\/v2\/types\/product"}],"wp:featuredmedia":[{"embeddable":true,"href":"https:\/\/staging.nbg.eu\/et\/wp-json\/wp\/v2\/media\/499063"}],"wp:attachment":[{"href":"https:\/\/staging.nbg.eu\/et\/wp-json\/wp\/v2\/media?parent=545537"}],"wp:term":[{"taxonomy":"product_brand","embeddable":true,"href":"https:\/\/staging.nbg.eu\/et\/wp-json\/wp\/v2\/product_brand?post=545537"},{"taxonomy":"product_cat","embeddable":true,"href":"https:\/\/staging.nbg.eu\/et\/wp-json\/wp\/v2\/product_cat?post=545537"},{"taxonomy":"product_tag","embeddable":true,"href":"https:\/\/staging.nbg.eu\/et\/wp-json\/wp\/v2\/product_tag?post=545537"}],"curies":[{"name":"wp","href":"https:\/\/api.w.org\/{rel}","templated":true}]}}