{"id":545356,"date":"2025-09-05T18:15:06","date_gmt":"2025-09-05T15:15:06","guid":{"rendered":"https:\/\/staging.nbg.eu\/product\/surefire-csp-09-weaponlight-switch\/"},"modified":"2025-10-01T10:32:45","modified_gmt":"2025-10-01T07:32:45","slug":"surefire-csp-09-relvavalguse-lueliti","status":"publish","type":"product","link":"https:\/\/staging.nbg.eu\/et\/toode\/surefire-csp-09-relvavalguse-lueliti\/","title":{"rendered":"Surefire CSP-09 Relvavalguse L\u00fcliti"},"content":{"rendered":"<div class=\"product-description\">\n<h2>Surefire CSP-09 relvavalgustuse l\u00fcliti<\/h2>\n<h2>Picatinny kinnitusega kaugl\u00fcliti relvavalgustusele<\/h2>\n<p>Surefire CSP-09 relvavalgustuse l\u00fcliti on kaugjuhtimisl\u00fcliti, mis on m\u00f5eldud aktiveerima SureFire&#8217;i relvavalgustusi, millel on l\u00fclitipesa.<\/p>\n<h3>P\u00f5hiomadused:<\/h3>\n<ul>\n<li>Kahe funktsiooniga l\u00fcliti ajutiseks ja p\u00fcsivaks sissel\u00fclitamiseks<\/li>\n<li>Kinnitub Picatinny siinile klambriga<\/li>\n<li>Kompaktne disain<\/li>\n<li>Valmistatud vastupidavast pol\u00fcmeerist<\/li>\n<li>9-tolline kaabel sobib enamikule p\u00fcssidele\/karabiinidele<\/li>\n<\/ul>\n<p>CSP-09 kasutamine: kerge vajutus ajutiseks sissel\u00fclitamiseks v\u00f5i t\u00e4ielik vajutus p\u00fcsivaks sissel\u00fclitamiseks. Paigaldatav ilma t\u00f6\u00f6riistadeta Picatinny siinile.<\/p>\n<p>Surefire CSP-09 relvavalgustuse l\u00fcliti sobib k\u00f5igile SureFire&#8217;i relvavalgustustele, millel on l\u00fclitipesa.<\/p>\n<\/div>\n","protected":false},"excerpt":{"rendered":"<p>Kompaktne kaugl\u00fcliti SureFire&#8217;i relvavalgustite jaoks. Lihtne kinnitada Picatinny siinile.<\/p>\n","protected":false},"featured_media":499040,"template":"","meta":{"_acf_changed":false},"product_brand":[],"product_cat":[1542,1543,2190],"product_tag":[],"class_list":{"0":"post-545356","1":"product","2":"type-product","3":"status-publish","4":"has-post-thumbnail","6":"product_cat-light-accessories-et","7":"product_cat-lights-et","8":"product_cat-rifle-lights-et","10":"first","11":"instock","12":"taxable","13":"shipping-taxable","14":"purchasable","15":"product-type-simple"},"acf":[],"_links":{"self":[{"href":"https:\/\/staging.nbg.eu\/et\/wp-json\/wp\/v2\/product\/545356","targetHints":{"allow":["GET"]}}],"collection":[{"href":"https:\/\/staging.nbg.eu\/et\/wp-json\/wp\/v2\/product"}],"about":[{"href":"https:\/\/staging.nbg.eu\/et\/wp-json\/wp\/v2\/types\/product"}],"wp:featuredmedia":[{"embeddable":true,"href":"https:\/\/staging.nbg.eu\/et\/wp-json\/wp\/v2\/media\/499040"}],"wp:attachment":[{"href":"https:\/\/staging.nbg.eu\/et\/wp-json\/wp\/v2\/media?parent=545356"}],"wp:term":[{"taxonomy":"product_brand","embeddable":true,"href":"https:\/\/staging.nbg.eu\/et\/wp-json\/wp\/v2\/product_brand?post=545356"},{"taxonomy":"product_cat","embeddable":true,"href":"https:\/\/staging.nbg.eu\/et\/wp-json\/wp\/v2\/product_cat?post=545356"},{"taxonomy":"product_tag","embeddable":true,"href":"https:\/\/staging.nbg.eu\/et\/wp-json\/wp\/v2\/product_tag?post=545356"}],"curies":[{"name":"wp","href":"https:\/\/api.w.org\/{rel}","templated":true}]}}