{"id":545062,"date":"2025-09-05T18:09:58","date_gmt":"2025-09-05T15:09:58","guid":{"rendered":"https:\/\/staging.nbg.eu\/product\/muzzle-break-vanward-pro-break-for-qd55\/"},"modified":"2025-10-01T10:23:37","modified_gmt":"2025-10-01T07:23:37","slug":"suudmepidurid-vanward-pro-break-qd55-jaoks","status":"publish","type":"product","link":"https:\/\/staging.nbg.eu\/et\/toode\/suudmepidurid-vanward-pro-break-qd55-jaoks\/","title":{"rendered":"Suudmepidurid Vanward Pro-Break QD55 jaoks"},"content":{"rendered":"<div class=\"product-description\">\n<h2>Vanward Pro-Break suudmepidur QD55-le<\/h2>\n<p>Vanward Pro-Brake on Salamander Tactical&#8217;i Fafniri edasiarendus. See suudmepidur pakub:<\/p>\n<ul>\n<li>78% tagasil\u00f6\u00f6gi v\u00e4hendamist (testitud Vaapentidingeni poolt)<\/li>\n<li>\u00dchilduvust Vanward QD55 summutiga<\/li>\n<li>Lihtsat paigaldamist ja seadistamist kaasasoleva lukustusmutriga<\/li>\n<li>Kerget disaini, kaaludes 174 grammi<\/li>\n<\/ul>\n<p>Seade suudab tasakaalustada padruni kesta 6.5&#215;47 kaliibriga lasu ajal. Sobib t\u00e4psuslaskuritele, kes soovivad head j\u00f5udlust ja summuti \u00fchilduvust. Vanward Pro-Brake on saadaval.<\/p>\n<\/div>\n","protected":false},"excerpt":{"rendered":"<p>T\u00e4iustatud tagasil\u00f6\u00f6gipidur mudelile QD55, 78% v\u00e4hendamine. \u00dchildub summutiga.<\/p>\n","protected":false},"featured_media":498971,"template":"","meta":{"_acf_changed":false},"product_brand":[],"product_cat":[610,840,611,1687],"product_tag":[],"class_list":{"0":"post-545062","1":"product","2":"type-product","3":"status-publish","4":"has-post-thumbnail","6":"product_cat-rifle-et","7":"product_cat-rifle-suppressors-et","8":"product_cat-rifle-parts-et","9":"product_cat-suppressor-accessories-et","11":"first","12":"outofstock","13":"taxable","14":"shipping-taxable","15":"product-type-simple"},"acf":[],"_links":{"self":[{"href":"https:\/\/staging.nbg.eu\/et\/wp-json\/wp\/v2\/product\/545062","targetHints":{"allow":["GET"]}}],"collection":[{"href":"https:\/\/staging.nbg.eu\/et\/wp-json\/wp\/v2\/product"}],"about":[{"href":"https:\/\/staging.nbg.eu\/et\/wp-json\/wp\/v2\/types\/product"}],"wp:featuredmedia":[{"embeddable":true,"href":"https:\/\/staging.nbg.eu\/et\/wp-json\/wp\/v2\/media\/498971"}],"wp:attachment":[{"href":"https:\/\/staging.nbg.eu\/et\/wp-json\/wp\/v2\/media?parent=545062"}],"wp:term":[{"taxonomy":"product_brand","embeddable":true,"href":"https:\/\/staging.nbg.eu\/et\/wp-json\/wp\/v2\/product_brand?post=545062"},{"taxonomy":"product_cat","embeddable":true,"href":"https:\/\/staging.nbg.eu\/et\/wp-json\/wp\/v2\/product_cat?post=545062"},{"taxonomy":"product_tag","embeddable":true,"href":"https:\/\/staging.nbg.eu\/et\/wp-json\/wp\/v2\/product_tag?post=545062"}],"curies":[{"name":"wp","href":"https:\/\/api.w.org\/{rel}","templated":true}]}}