{"id":544883,"date":"2025-09-05T18:09:58","date_gmt":"2025-09-05T15:09:58","guid":{"rendered":"https:\/\/staging.nbg.eu\/product\/magpul-rubber-butt-pad-0-70\/"},"modified":"2025-10-01T10:15:37","modified_gmt":"2025-10-01T07:15:37","slug":"magpul-kummist-kabapadi-070","status":"publish","type":"product","link":"https:\/\/staging.nbg.eu\/et\/toode\/magpul-kummist-kabapadi-070\/","title":{"rendered":"Magpul &#8211; Kummist Kabapadi &#8211; 0.70&#8243;"},"content":{"rendered":"<div class=\"product-description\">\n<h2>Magpul kummist p\u00fcssip\u00e4ra pad &#8211; 0,70&#8243;<\/h2>\n<p>Magpul kummist p\u00fcssip\u00e4ra pad 0,70&#8243;. \u00dchildub erinevate Magpul p\u00fcssip\u00e4radega, sealhulgas CTR\u00ae, MOE\u00ae Carbine Mil-Spec, UBR\u00ae, STR\u00ae, ACS-L\u2122 ja ACS mudelitega.<\/p>\n<ul>\n<li>\u00d5lale toetamine ja tagasil\u00f6\u00f6gi v\u00e4hendamine<\/li>\n<li>Paksem, ventileeritud konstruktsioon<\/li>\n<li>Sisaldab kinnitusvahendeid<\/li>\n<li>M\u00f5\u00f5tmed: 13 x 4 x 1,6 cm (ligikaudne)<\/li>\n<li>Kaal: 62 g (ligikaudne)<\/li>\n<li>Valmistatud USAs<\/li>\n<\/ul>\n<p><strong>M\u00e4rkus:<\/strong> Ei \u00fchildu MOE\u00ae fikseeritud p\u00fcssip\u00e4raga. V\u00f5ib piirata t\u00e4ielikku kokkupanemist Commercial MOE\u00ae\/CTR\u00ae p\u00fcssip\u00e4radel pikendatud, kaldus tagaosa t\u00f5ttu.<\/p>\n<\/div>\n","protected":false},"excerpt":{"rendered":"<p>T\u00e4iustatud 0,70-tolline kummist tagaplatvorm Magpuli p\u00fcssikabadele. Parem tugi.<\/p>\n","protected":false},"featured_media":498946,"template":"","meta":{"_acf_changed":false},"product_brand":[11548],"product_cat":[542],"product_tag":[],"class_list":{"0":"post-544883","1":"product","2":"type-product","3":"status-publish","4":"has-post-thumbnail","6":"product_brand-magpul","7":"product_cat-gear-et","9":"first","10":"instock","11":"taxable","12":"shipping-taxable","13":"purchasable","14":"product-type-simple"},"acf":[],"_links":{"self":[{"href":"https:\/\/staging.nbg.eu\/et\/wp-json\/wp\/v2\/product\/544883","targetHints":{"allow":["GET"]}}],"collection":[{"href":"https:\/\/staging.nbg.eu\/et\/wp-json\/wp\/v2\/product"}],"about":[{"href":"https:\/\/staging.nbg.eu\/et\/wp-json\/wp\/v2\/types\/product"}],"wp:featuredmedia":[{"embeddable":true,"href":"https:\/\/staging.nbg.eu\/et\/wp-json\/wp\/v2\/media\/498946"}],"wp:attachment":[{"href":"https:\/\/staging.nbg.eu\/et\/wp-json\/wp\/v2\/media?parent=544883"}],"wp:term":[{"taxonomy":"product_brand","embeddable":true,"href":"https:\/\/staging.nbg.eu\/et\/wp-json\/wp\/v2\/product_brand?post=544883"},{"taxonomy":"product_cat","embeddable":true,"href":"https:\/\/staging.nbg.eu\/et\/wp-json\/wp\/v2\/product_cat?post=544883"},{"taxonomy":"product_tag","embeddable":true,"href":"https:\/\/staging.nbg.eu\/et\/wp-json\/wp\/v2\/product_tag?post=544883"}],"curies":[{"name":"wp","href":"https:\/\/api.w.org\/{rel}","templated":true}]}}