{"id":54248,"date":"2024-03-02T07:29:43","date_gmt":"2024-09-13T13:01:51","guid":{"rendered":"https:\/\/staging.nbg.eu\/product\/bore-tech-proof-positive-rifle-jag-multiple-calibers\/"},"modified":"2024-09-13T13:02:57","modified_gmt":"2024-09-13T13:02:57","slug":"bore-tech-proof-positive-vintpuessi-jag-mitu-kaliibrit","status":"publish","type":"product","link":"https:\/\/staging.nbg.eu\/et\/toode\/bore-tech-proof-positive-vintpuessi-jag-mitu-kaliibrit\/","title":{"rendered":"Bore Tech Proof-Positive vintp\u00fcssi jag (mitu kaliibrit)"},"content":{"rendered":"<div class=\"product-description\">\n<h2>Bore Tech Proof-Positive p\u00fcssipuhastusharjased (mitmele kalibrile)<\/h2>\n<p>Bore Tech&#8217;i Proof-Positive p\u00fcssipuhastusharjased aitavad v\u00e4ltida valesid vasesaaste n\u00e4itusid. Need on valmistatud messinguvabast sulamist, on relvaraudale ohutud ja vastupidavad. Omadused:<\/p>\n<ul>\n<li>Kaks komplekti nelja kontaktr\u00f5ngaga parema puhastuse jaoks<\/li>\n<li>T\u00e4ppist\u00f6\u00f6deldud \u00fchtlase surve tagamiseks<\/li>\n<li>Tagurpidi koonuseline disain relva suudme kaitsmiseks<\/li>\n<\/ul>\n<p>V\u00f5imaldab relvaraudu p\u00f5hjalikult puhastada v\u00e4iksema materjalikulu juures.<\/p>\n<\/div>\n","protected":false},"excerpt":{"rendered":"<p>Uuenduslik p\u00fcssipuhastushari k\u00f5rvaldab ekslikud vasej\u00e4\u00e4kide n\u00e4idud.<\/p>\n","protected":false},"featured_media":54249,"template":"","meta":{"_acf_changed":false},"product_brand":[11150],"product_cat":[1417,1418],"product_tag":[],"class_list":{"0":"post-54248","1":"product","2":"type-product","3":"status-publish","4":"has-post-thumbnail","6":"product_brand-boretech","7":"product_cat-brushes-et","8":"product_cat-maintenance-et","10":"first","11":"instock","12":"taxable","13":"shipping-taxable","14":"purchasable","15":"product-type-variable","16":"wvs-archive-product-wrapper"},"acf":[],"_links":{"self":[{"href":"https:\/\/staging.nbg.eu\/et\/wp-json\/wp\/v2\/product\/54248","targetHints":{"allow":["GET"]}}],"collection":[{"href":"https:\/\/staging.nbg.eu\/et\/wp-json\/wp\/v2\/product"}],"about":[{"href":"https:\/\/staging.nbg.eu\/et\/wp-json\/wp\/v2\/types\/product"}],"wp:featuredmedia":[{"embeddable":true,"href":"https:\/\/staging.nbg.eu\/et\/wp-json\/wp\/v2\/media\/54249"}],"wp:attachment":[{"href":"https:\/\/staging.nbg.eu\/et\/wp-json\/wp\/v2\/media?parent=54248"}],"wp:term":[{"taxonomy":"product_brand","embeddable":true,"href":"https:\/\/staging.nbg.eu\/et\/wp-json\/wp\/v2\/product_brand?post=54248"},{"taxonomy":"product_cat","embeddable":true,"href":"https:\/\/staging.nbg.eu\/et\/wp-json\/wp\/v2\/product_cat?post=54248"},{"taxonomy":"product_tag","embeddable":true,"href":"https:\/\/staging.nbg.eu\/et\/wp-json\/wp\/v2\/product_tag?post=54248"}],"curies":[{"name":"wp","href":"https:\/\/api.w.org\/{rel}","templated":true}]}}