{"id":541214,"date":"2025-09-05T18:09:57","date_gmt":"2025-09-05T15:09:57","guid":{"rendered":"https:\/\/staging.nbg.eu\/product\/ase-utra-borelock-30-338-muzzle-brake-5-8x24-unef\/"},"modified":"2025-09-30T17:55:08","modified_gmt":"2025-09-30T14:55:08","slug":"ase-utra-borelock-30338-suudmepidurid-58x24-unef","status":"publish","type":"product","link":"https:\/\/staging.nbg.eu\/et\/toode\/ase-utra-borelock-30338-suudmepidurid-58x24-unef\/","title":{"rendered":"ASE UTRA BoreLock .30\/.338 suudmepidurid 5\/8&#8243;x24 UNEF"},"content":{"rendered":"<h2>ASE UTRA BoreLock .30\/.338 P\u00fcssisuu pidur 5\/8&#8243;x24 UNEF<\/h2>\n<p>ASE UTRA BoreLock .30\/.338 P\u00fcssisuu pidur (Kood: 365P-AU761). Kaheosaline disain v\u00f5imaldab kindla, lihtsa ja kiire paigalduse ilma seibide v\u00f5i vahet\u00fckkideta, tagades t\u00e4pse joonduse.<\/p>\n<h2>P\u00f5hiomadused:<\/h2>\n<ul>\n<li>Sobib .30 ja .338 kaliibri p\u00fcssidele<\/li>\n<li>5\/8&#8243;x24 UNEF keere<\/li>\n<li>Kaheosaline BoreLock disain lihtsaks paigaldamiseks<\/li>\n<li>Seibe ega vahet\u00fckke pole vaja<\/li>\n<li>T\u00e4pne joondus<\/li>\n<li>V\u00e4hendab tagasil\u00f6\u00f6ki ja p\u00fcssi t\u00f5usu<\/li>\n<\/ul>\n<p>ASE UTRA BoreLock P\u00fcssisuu pidur on loodud lihtsaks kasutamiseks.<\/p>\n","protected":false},"excerpt":{"rendered":"<p>ASE UTRA BoreLock .30\/.338 p\u00fcssisuu summuti: Kiire ja turvaline paigaldus, kiilusid pole vaja.<\/p>\n","protected":false},"featured_media":498916,"template":"","meta":{"_acf_changed":false},"product_brand":[],"product_cat":[610,840,611,1687],"product_tag":[],"class_list":{"0":"post-541214","1":"product","2":"type-product","3":"status-publish","4":"has-post-thumbnail","6":"product_cat-rifle-et","7":"product_cat-rifle-suppressors-et","8":"product_cat-rifle-parts-et","9":"product_cat-suppressor-accessories-et","11":"first","12":"instock","13":"taxable","14":"shipping-taxable","15":"purchasable","16":"product-type-simple"},"acf":[],"_links":{"self":[{"href":"https:\/\/staging.nbg.eu\/et\/wp-json\/wp\/v2\/product\/541214","targetHints":{"allow":["GET"]}}],"collection":[{"href":"https:\/\/staging.nbg.eu\/et\/wp-json\/wp\/v2\/product"}],"about":[{"href":"https:\/\/staging.nbg.eu\/et\/wp-json\/wp\/v2\/types\/product"}],"wp:featuredmedia":[{"embeddable":true,"href":"https:\/\/staging.nbg.eu\/et\/wp-json\/wp\/v2\/media\/498916"}],"wp:attachment":[{"href":"https:\/\/staging.nbg.eu\/et\/wp-json\/wp\/v2\/media?parent=541214"}],"wp:term":[{"taxonomy":"product_brand","embeddable":true,"href":"https:\/\/staging.nbg.eu\/et\/wp-json\/wp\/v2\/product_brand?post=541214"},{"taxonomy":"product_cat","embeddable":true,"href":"https:\/\/staging.nbg.eu\/et\/wp-json\/wp\/v2\/product_cat?post=541214"},{"taxonomy":"product_tag","embeddable":true,"href":"https:\/\/staging.nbg.eu\/et\/wp-json\/wp\/v2\/product_tag?post=541214"}],"curies":[{"name":"wp","href":"https:\/\/api.w.org\/{rel}","templated":true}]}}