{"id":54000,"date":"2024-03-02T10:05:47","date_gmt":"2024-09-13T12:57:54","guid":{"rendered":"https:\/\/staging.nbg.eu\/product\/bore-tech-proof-positive-shotgun-jag-12-16-20-ga\/"},"modified":"2024-09-13T12:58:43","modified_gmt":"2024-09-13T12:58:43","slug":"bore-tech-proof-positive-haavlipuessi-jag-121620-ga","status":"publish","type":"product","link":"https:\/\/staging.nbg.eu\/et\/toode\/bore-tech-proof-positive-haavlipuessi-jag-121620-ga\/","title":{"rendered":"Bore Tech Proof-Positive haavlip\u00fcssi jag (12\/16\/20 GA)"},"content":{"rendered":"<div class=\"product-description\">\n<h2>Bore Tech Proof-Positive puhastusotsik haavlip\u00fcssile (12\/16\/20 GA)<\/h2>\n<p>Bore Techi patenteeritud puhastusotsik. Omadused:<\/p>\n<ul>\n<li>4 painduvat lehte t\u00e4pseks relvaraua puhastamiseks<\/li>\n<li>Vastupidav nailonkonstruktsioon<\/li>\n<li>Kokkusurutav, et l\u00e4bida \u0161okitorusid<\/li>\n<li>Sobib standardsetele 5\/16-27 keermega varrastele<\/li>\n<\/ul>\n<p>M\u00f5eldud haavlip\u00fcssi hoolduseks. Vajalik k\u00f5igile haavlip\u00fcssi kasutajatele.<\/p>\n<p><strong>Hind: 14,99 \u20ac<\/strong><\/p>\n<\/div>\n","protected":false},"excerpt":{"rendered":"<p>Painduv 4-leheline j\u00e4g t\u00f5husaks haavlip\u00fcssi puhastamiseks. Sobib kasutamiseks koos t\u0161okiga.<\/p>\n","protected":false},"featured_media":54001,"template":"","meta":{"_acf_changed":false},"product_brand":[11150],"product_cat":[1417,1418],"product_tag":[],"class_list":{"0":"post-54000","1":"product","2":"type-product","3":"status-publish","4":"has-post-thumbnail","6":"product_brand-boretech","7":"product_cat-brushes-et","8":"product_cat-maintenance-et","10":"first","11":"instock","12":"taxable","13":"shipping-taxable","14":"purchasable","15":"product-type-variable","16":"wvs-archive-product-wrapper"},"acf":[],"_links":{"self":[{"href":"https:\/\/staging.nbg.eu\/et\/wp-json\/wp\/v2\/product\/54000","targetHints":{"allow":["GET"]}}],"collection":[{"href":"https:\/\/staging.nbg.eu\/et\/wp-json\/wp\/v2\/product"}],"about":[{"href":"https:\/\/staging.nbg.eu\/et\/wp-json\/wp\/v2\/types\/product"}],"wp:featuredmedia":[{"embeddable":true,"href":"https:\/\/staging.nbg.eu\/et\/wp-json\/wp\/v2\/media\/54001"}],"wp:attachment":[{"href":"https:\/\/staging.nbg.eu\/et\/wp-json\/wp\/v2\/media?parent=54000"}],"wp:term":[{"taxonomy":"product_brand","embeddable":true,"href":"https:\/\/staging.nbg.eu\/et\/wp-json\/wp\/v2\/product_brand?post=54000"},{"taxonomy":"product_cat","embeddable":true,"href":"https:\/\/staging.nbg.eu\/et\/wp-json\/wp\/v2\/product_cat?post=54000"},{"taxonomy":"product_tag","embeddable":true,"href":"https:\/\/staging.nbg.eu\/et\/wp-json\/wp\/v2\/product_tag?post=54000"}],"curies":[{"name":"wp","href":"https:\/\/api.w.org\/{rel}","templated":true}]}}