{"id":539544,"date":"2025-09-05T17:38:18","date_gmt":"2025-09-05T14:38:18","guid":{"rendered":"https:\/\/staging.nbg.eu\/product\/or-leupold-delta-point-mounting-kit-for-l-02-w-02-steel-black\/"},"modified":"2025-09-30T14:23:58","modified_gmt":"2025-09-30T11:23:58","slug":"or-leupold-delta-point-kinnituskomplekt-l-02-w-02-jaoks-teras-must","status":"publish","type":"product","link":"https:\/\/staging.nbg.eu\/et\/toode\/or-leupold-delta-point-kinnituskomplekt-l-02-w-02-jaoks-teras-must\/","title":{"rendered":"OR LEUPOLD DELTA POINT KINNITU\u0160KOMPLEKT L-02, W-02 JAOKS, TERAS MUST"},"content":{"rendered":"<div class=\"product-description\">\n<h2>OR LEUPOLD DELTA POINT PRO KINNITUSKOMPLEKT LW64<\/h2>\n<p><strong>Viide:<\/strong> 0091-01207-0001<\/p>\n<p><strong>Br\u00e4nd:<\/strong> KMR Precision Arms<\/p>\n<h2>Kirjeldus<\/h2>\n<p>OR LEUPOLD DELTA POINT PRO KINNITUSKOMPLEKT LW64 on m\u00f5eldud KMR L-02 v\u00f5i W-02 p\u00fcstolile. See alusplaat on loodud optikavalmidusega (OR) KMR L-02 ja W-02 p\u00fcstolite mudelitele, sobides optikaga, millel on Leupold DeltaPoint Pro kinnitus.<\/p>\n<h2>Toote \u00fcksikasjad<\/h2>\n<ul>\n<li>Materjal: Teras<\/li>\n<li>V\u00e4rv: Must<\/li>\n<li>Sisaldab kahte M4 paigalduskruvi<\/li>\n<\/ul>\n<h2>Paigaldus<\/h2>\n<ol>\n<li>Eemaldage p\u00fcstoli originaalne alusplaat<\/li>\n<li>Puhastage plaadi kinnitusala hoolikalt<\/li>\n<li>Paigaldage uus alusplaat<\/li>\n<li>Kinnitage kaks kaasasolevat M4 kruvi keermekinnitusvahendiga<\/li>\n<\/ol>\n<p><strong>T\u00e4htis:<\/strong> \u00c4RGE KASUTAGE PUNAST LOCTITE&#8217;I!<\/p>\n<h2>\u00dchilduvad punktsihtimisseadmed<\/h2>\n<p>See kinnituskomplekt sobib erinevate punktsihtimisseadmetega, mis kasutavad Leupold DeltaPoint Pro kinnitusstandardi, sealhulgas:<\/p>\n<ul>\n<li>Leupold DeltaPoint Pro<\/li>\n<li>Vortex Defender XL<\/li>\n<li>Eotech Eflx<\/li>\n<li>Holosun SCS 320<\/li>\n<li>Ja paljud teised<\/li>\n<\/ul>\n<p>See kinnituskomplekt v\u00f5imaldab KMR L-02 v\u00f5i W-02 p\u00fcstolile kinnitada eelistatud punktsihtimisseadme.<\/p>\n<\/div>\n","protected":false},"excerpt":{"rendered":"<p>Terasest alusplaat KMR L-02\/W-02 p\u00fcstolitele, sobib DeltaPoint Pro optikale<\/p>\n","protected":false},"featured_media":497545,"template":"","meta":{"_acf_changed":false},"product_brand":[11497],"product_cat":[910],"product_tag":[],"class_list":{"0":"post-539544","1":"product","2":"type-product","3":"status-publish","4":"has-post-thumbnail","6":"product_brand-kmr-precision","7":"product_cat-kmr-parts-et","9":"first","10":"instock","11":"taxable","12":"shipping-taxable","13":"purchasable","14":"product-type-simple"},"acf":[],"_links":{"self":[{"href":"https:\/\/staging.nbg.eu\/et\/wp-json\/wp\/v2\/product\/539544","targetHints":{"allow":["GET"]}}],"collection":[{"href":"https:\/\/staging.nbg.eu\/et\/wp-json\/wp\/v2\/product"}],"about":[{"href":"https:\/\/staging.nbg.eu\/et\/wp-json\/wp\/v2\/types\/product"}],"wp:featuredmedia":[{"embeddable":true,"href":"https:\/\/staging.nbg.eu\/et\/wp-json\/wp\/v2\/media\/497545"}],"wp:attachment":[{"href":"https:\/\/staging.nbg.eu\/et\/wp-json\/wp\/v2\/media?parent=539544"}],"wp:term":[{"taxonomy":"product_brand","embeddable":true,"href":"https:\/\/staging.nbg.eu\/et\/wp-json\/wp\/v2\/product_brand?post=539544"},{"taxonomy":"product_cat","embeddable":true,"href":"https:\/\/staging.nbg.eu\/et\/wp-json\/wp\/v2\/product_cat?post=539544"},{"taxonomy":"product_tag","embeddable":true,"href":"https:\/\/staging.nbg.eu\/et\/wp-json\/wp\/v2\/product_tag?post=539544"}],"curies":[{"name":"wp","href":"https:\/\/api.w.org\/{rel}","templated":true}]}}