{"id":538927,"date":"2025-09-05T17:38:05","date_gmt":"2025-09-05T14:38:05","guid":{"rendered":"https:\/\/staging.nbg.eu\/product\/ar-15-bolt-catch-roll-pin\/"},"modified":"2025-09-30T13:39:41","modified_gmt":"2025-09-30T10:39:41","slug":"ar-15-lukusti-rulltihvt","status":"publish","type":"product","link":"https:\/\/staging.nbg.eu\/et\/toode\/ar-15-lukusti-rulltihvt\/","title":{"rendered":"AR-15 LUKUSTI RULLTIHVT"},"content":{"rendered":"<div class=\"product-description\">\n<h2>AR-15 riivistusn\u00f5ela rull-tihvt<\/h2>\n<p>AR-15 riivistusn\u00f5ela rull-tihvt. Valmistatud USA-s, see komponent tagab relva t\u00f6\u00f6kindluse.<\/p>\n<ul>\n<li><strong>Brownells #:<\/strong> 100044599<\/li>\n<li><strong>Tootja #:<\/strong> 55CA547<\/li>\n<li><strong>UPC:<\/strong> 810046231234<\/li>\n<li><strong>Sobivus:<\/strong> AR-15 Universaalne<\/li>\n<\/ul>\n<p>See rull-tihvt on m\u00f5eldud universaalseks kasutamiseks AR-15 platvormidel. See tagab kindla \u00fchenduse riivistusn\u00f5ela koostus.<\/p>\n<\/div>\n","protected":false},"excerpt":{"rendered":"<p>USA-s toodetud AR-15 poldip\u00fc\u00fcdja rulls\u00f5rm. H\u00e4davajalik poldip\u00fc\u00fcdja paigaldamiseks.<\/p>\n","protected":false},"featured_media":497315,"template":"","meta":{"_acf_changed":false},"product_brand":[],"product_cat":[610,611],"product_tag":[],"class_list":{"0":"post-538927","1":"product","2":"type-product","3":"status-publish","4":"has-post-thumbnail","6":"product_cat-rifle-et","7":"product_cat-rifle-parts-et","9":"first","10":"instock","11":"taxable","12":"shipping-taxable","13":"purchasable","14":"product-type-simple"},"acf":[],"_links":{"self":[{"href":"https:\/\/staging.nbg.eu\/et\/wp-json\/wp\/v2\/product\/538927","targetHints":{"allow":["GET"]}}],"collection":[{"href":"https:\/\/staging.nbg.eu\/et\/wp-json\/wp\/v2\/product"}],"about":[{"href":"https:\/\/staging.nbg.eu\/et\/wp-json\/wp\/v2\/types\/product"}],"wp:featuredmedia":[{"embeddable":true,"href":"https:\/\/staging.nbg.eu\/et\/wp-json\/wp\/v2\/media\/497315"}],"wp:attachment":[{"href":"https:\/\/staging.nbg.eu\/et\/wp-json\/wp\/v2\/media?parent=538927"}],"wp:term":[{"taxonomy":"product_brand","embeddable":true,"href":"https:\/\/staging.nbg.eu\/et\/wp-json\/wp\/v2\/product_brand?post=538927"},{"taxonomy":"product_cat","embeddable":true,"href":"https:\/\/staging.nbg.eu\/et\/wp-json\/wp\/v2\/product_cat?post=538927"},{"taxonomy":"product_tag","embeddable":true,"href":"https:\/\/staging.nbg.eu\/et\/wp-json\/wp\/v2\/product_tag?post=538927"}],"curies":[{"name":"wp","href":"https:\/\/api.w.org\/{rel}","templated":true}]}}