{"id":538296,"date":"2025-09-05T17:34:38","date_gmt":"2025-09-05T14:34:38","guid":{"rendered":"https:\/\/staging.nbg.eu\/product\/pistol-cz-shadow-2-orange-cal-9h19\/"},"modified":"2025-09-30T12:41:08","modified_gmt":"2025-09-30T09:41:08","slug":"puestol-cz-shadow-2-orange-kal9h19","status":"publish","type":"product","link":"https:\/\/staging.nbg.eu\/et\/toode\/puestol-cz-shadow-2-orange-kal9h19\/","title":{"rendered":"P\u00fcstol CZ Shadow 2 Orange kal.9\u044519"},"content":{"rendered":"<div class=\"product-description\">\n<h2>CZ Shadow 2 Orange<\/h2>\n<p>CZ Shadow 2 Orange on relvamudeliks v\u00f5istlus- ja harrastustulistajatele.<\/p>\n<h2>T\u00e4psus<\/h2>\n<ul>\n<li>Tehases sobitatud rauabussing<\/li>\n<li>Tehases h\u00e4\u00e4lestatud p\u00e4\u00e4stik<\/li>\n<li>K\u00e4sitsi sobitatud kelk ja raam<\/li>\n<\/ul>\n<h2>Disain<\/h2>\n<ul>\n<li>Erilised k\u00e4epidemed ja salve p\u00f5hjad<\/li>\n<li>Suur salve vabastamise nupp<\/li>\n<li>Vahetatav, reguleeritav pikendatud salve vabastaja<\/li>\n<\/ul>\n<h2>Vastupidavus<\/h2>\n<ul>\n<li>Nitriidkate kulumise ja korrosiooni vastu<\/li>\n<li>T\u00e4iendav must pol\u00fckate terasraamil<\/li>\n<li>\u00d5hukesed alumiiniumist k\u00e4epidemed<\/li>\n<\/ul>\n<h2>Sihikud<\/h2>\n<ul>\n<li>Fiiberoptiline eesmine sihik<\/li>\n<li>Reguleeritav HAJO tagumine sihik<\/li>\n<\/ul>\n<h2>Tehnilised andmed<\/h2>\n<ul>\n<li>Kaliiber: 9mm Luger<\/li>\n<li>Salve maht: 17+1 padrunit<\/li>\n<li>Raami materjal: Teras<\/li>\n<li>P\u00e4\u00e4stikumehhanism: SA\/DA<\/li>\n<li>Raud: K\u00fclmalt sepistatud, 124,2 mm<\/li>\n<li>Kaal: 1318 grammi<\/li>\n<li>\u00dcldpikkus: 216,7 mm<\/li>\n<\/ul>\n<p>CZ Shadow 2 Orange on v\u00f5istlusp\u00fcstol, mis pakub t\u00e4pset laskmiskogemust.<\/p>\n<\/div>\n","protected":false},"excerpt":{"rendered":"<p>T\u00e4ppist\u00f6\u00f6na valmistatud 9mm p\u00fcstol v\u00f5istlussportlastele. Tipptasemel sooritusv\u00f5ime.<\/p>\n","protected":false},"featured_media":497131,"template":"","meta":{"_acf_changed":false},"product_brand":[],"product_cat":[2169,2238],"product_tag":[],"class_list":{"0":"post-538296","1":"product","2":"type-product","3":"status-publish","4":"has-post-thumbnail","6":"product_cat-pistol-et","7":"product_cat-pistols-et","9":"first","10":"instock","11":"taxable","12":"shipping-taxable","13":"purchasable","14":"product-type-simple"},"acf":[],"_links":{"self":[{"href":"https:\/\/staging.nbg.eu\/et\/wp-json\/wp\/v2\/product\/538296","targetHints":{"allow":["GET"]}}],"collection":[{"href":"https:\/\/staging.nbg.eu\/et\/wp-json\/wp\/v2\/product"}],"about":[{"href":"https:\/\/staging.nbg.eu\/et\/wp-json\/wp\/v2\/types\/product"}],"wp:featuredmedia":[{"embeddable":true,"href":"https:\/\/staging.nbg.eu\/et\/wp-json\/wp\/v2\/media\/497131"}],"wp:attachment":[{"href":"https:\/\/staging.nbg.eu\/et\/wp-json\/wp\/v2\/media?parent=538296"}],"wp:term":[{"taxonomy":"product_brand","embeddable":true,"href":"https:\/\/staging.nbg.eu\/et\/wp-json\/wp\/v2\/product_brand?post=538296"},{"taxonomy":"product_cat","embeddable":true,"href":"https:\/\/staging.nbg.eu\/et\/wp-json\/wp\/v2\/product_cat?post=538296"},{"taxonomy":"product_tag","embeddable":true,"href":"https:\/\/staging.nbg.eu\/et\/wp-json\/wp\/v2\/product_tag?post=538296"}],"curies":[{"name":"wp","href":"https:\/\/api.w.org\/{rel}","templated":true}]}}