{"id":537730,"date":"2025-09-05T00:17:22","date_gmt":"2025-09-04T21:17:22","guid":{"rendered":"https:\/\/staging.nbg.eu\/product\/badger-ordnance-34mm-condition-one-accessory-ring-cap-tan-700-34\/"},"modified":"2025-09-30T11:50:10","modified_gmt":"2025-09-30T08:50:10","slug":"badger-ordnance-34mm-condition-one-tarviku-ronga-kork-pruun-700-34","status":"publish","type":"product","link":"https:\/\/staging.nbg.eu\/et\/toode\/badger-ordnance-34mm-condition-one-tarviku-ronga-kork-pruun-700-34\/","title":{"rendered":"BADGER ORDNANCE 34MM CONDITION ONE TARVIKU R\u00d5NGA KORK PRUUN (700-34)"},"content":{"rendered":"<div class=\"product-description\">\n<h2>BADGER ORDNANCE 34MM CONDITION ONE LISATARVIKU R\u00d5NGAS PRUUN (700-34)<\/h2>\n<p>Condition One Modular kinnituse lisatarvik. See tarvik pakub:<\/p>\n<ul>\n<li>\u00dchilduvus Condition One Modular kinnitustega<\/li>\n<li>Kinnitusvalikud ees- v\u00f5i tagaosas<\/li>\n<li>\u00dchilduvus erinevate lisatarvikutega, sealhulgas laserikaugusem\u00f5\u00f5tja siinide ja kella 12 punase t\u00e4pi optikaga<\/li>\n<li>Kinnitamine\/eemaldamine ilma p\u00f5hioptikat m\u00f5jutamata<\/li>\n<li>Pruun viimistlus<\/li>\n<\/ul>\n<p>C1 ARC on loodud pakkuma kohandamisv\u00f5imalusi ja funktsionaalsust laskuritele ja professionaalidele.<\/p>\n<\/div>\n","protected":false},"excerpt":{"rendered":"<p>Kohandatav 34 mm r\u00f5ngaskork Condition One kinnitustele. Mitmek\u00fclgne lisatarviku kinnitus.<\/p>\n","protected":false},"featured_media":496477,"template":"","meta":{"_acf_changed":false},"product_brand":[11086],"product_cat":[772,2908],"product_tag":[],"class_list":{"0":"post-537730","1":"product","2":"type-product","3":"status-publish","4":"has-post-thumbnail","6":"product_brand-badger-ordnance","7":"product_cat-aiming-et","8":"product_cat-aiming-accessories-et","10":"first","11":"instock","12":"taxable","13":"shipping-taxable","14":"purchasable","15":"product-type-simple"},"acf":[],"_links":{"self":[{"href":"https:\/\/staging.nbg.eu\/et\/wp-json\/wp\/v2\/product\/537730","targetHints":{"allow":["GET"]}}],"collection":[{"href":"https:\/\/staging.nbg.eu\/et\/wp-json\/wp\/v2\/product"}],"about":[{"href":"https:\/\/staging.nbg.eu\/et\/wp-json\/wp\/v2\/types\/product"}],"wp:featuredmedia":[{"embeddable":true,"href":"https:\/\/staging.nbg.eu\/et\/wp-json\/wp\/v2\/media\/496477"}],"wp:attachment":[{"href":"https:\/\/staging.nbg.eu\/et\/wp-json\/wp\/v2\/media?parent=537730"}],"wp:term":[{"taxonomy":"product_brand","embeddable":true,"href":"https:\/\/staging.nbg.eu\/et\/wp-json\/wp\/v2\/product_brand?post=537730"},{"taxonomy":"product_cat","embeddable":true,"href":"https:\/\/staging.nbg.eu\/et\/wp-json\/wp\/v2\/product_cat?post=537730"},{"taxonomy":"product_tag","embeddable":true,"href":"https:\/\/staging.nbg.eu\/et\/wp-json\/wp\/v2\/product_tag?post=537730"}],"curies":[{"name":"wp","href":"https:\/\/api.w.org\/{rel}","templated":true}]}}