{"id":53713,"date":"2024-03-04T08:23:25","date_gmt":"2024-09-13T12:54:00","guid":{"rendered":"https:\/\/staging.nbg.eu\/product\/bore-tech-bronze-rifle-brush-3-pack-multiple-calibers\/"},"modified":"2024-09-13T12:54:59","modified_gmt":"2024-09-13T12:54:59","slug":"bore-tech-pronksist-vintpuessi-hari-3-tk-mitu-kaliibrit","status":"publish","type":"product","link":"https:\/\/staging.nbg.eu\/et\/toode\/bore-tech-pronksist-vintpuessi-hari-3-tk-mitu-kaliibrit\/","title":{"rendered":"Bore Tech pronksist vintp\u00fcssi hari (3 tk, mitu kaliibrit)"},"content":{"rendered":"<p>\nBore Tech pronksist p\u00fcssipuhastushari on valmistatud kvaliteetselt ja praktiliste omadustega. Neil harjadel on topelt kogus fosforpronksist harjaseid ja need pakuvad:<\/p>\n<ul>\n<li>Silmusega otsad ja topeltkeermega s\u00fcdamik relvaraua ohutuseks<\/li>\n<li>Lennukiklassi alumiiniumist kinnitused<\/li>\n<li>Kaliibrip\u00f5hised harjaste l\u00e4bim\u00f5\u00f5dud<\/li>\n<li>Saadaval kaliibrites .17 kuni .50<\/li>\n<\/ul>\n<p>Bore Tech harjad v\u00f5imaldavad t\u00f5husamat puhastamist.<\/p>\n","protected":false},"excerpt":{"rendered":"<p>Kvaliteetne pronksist p\u00fcssipuhastushari t\u00f5husaks ja ohutuks relvaraua puhastamiseks.<\/p>\n","protected":false},"featured_media":53714,"template":"","meta":{"_acf_changed":false},"product_brand":[11150],"product_cat":[1417,1418],"product_tag":[],"class_list":{"0":"post-53713","1":"product","2":"type-product","3":"status-publish","4":"has-post-thumbnail","6":"product_brand-boretech","7":"product_cat-brushes-et","8":"product_cat-maintenance-et","10":"first","11":"instock","12":"taxable","13":"shipping-taxable","14":"purchasable","15":"product-type-variable","16":"wvs-archive-product-wrapper"},"acf":[],"_links":{"self":[{"href":"https:\/\/staging.nbg.eu\/et\/wp-json\/wp\/v2\/product\/53713","targetHints":{"allow":["GET"]}}],"collection":[{"href":"https:\/\/staging.nbg.eu\/et\/wp-json\/wp\/v2\/product"}],"about":[{"href":"https:\/\/staging.nbg.eu\/et\/wp-json\/wp\/v2\/types\/product"}],"wp:featuredmedia":[{"embeddable":true,"href":"https:\/\/staging.nbg.eu\/et\/wp-json\/wp\/v2\/media\/53714"}],"wp:attachment":[{"href":"https:\/\/staging.nbg.eu\/et\/wp-json\/wp\/v2\/media?parent=53713"}],"wp:term":[{"taxonomy":"product_brand","embeddable":true,"href":"https:\/\/staging.nbg.eu\/et\/wp-json\/wp\/v2\/product_brand?post=53713"},{"taxonomy":"product_cat","embeddable":true,"href":"https:\/\/staging.nbg.eu\/et\/wp-json\/wp\/v2\/product_cat?post=53713"},{"taxonomy":"product_tag","embeddable":true,"href":"https:\/\/staging.nbg.eu\/et\/wp-json\/wp\/v2\/product_tag?post=53713"}],"curies":[{"name":"wp","href":"https:\/\/api.w.org\/{rel}","templated":true}]}}