{"id":536147,"date":"2025-09-05T00:03:26","date_gmt":"2025-09-04T21:03:26","guid":{"rendered":"https:\/\/staging.nbg.eu\/product\/utg-pro-mp5-monolithic-m-lok-handguard\/"},"modified":"2025-09-29T17:06:15","modified_gmt":"2025-09-29T14:06:15","slug":"utg-pro-mp5-monoliitiline-m-lok-kaeekaitse","status":"publish","type":"product","link":"https:\/\/staging.nbg.eu\/et\/toode\/utg-pro-mp5-monoliitiline-m-lok-kaeekaitse\/","title":{"rendered":"UTG PRO MP5 monoliitiline M-LOK k\u00e4ekaitse"},"content":{"rendered":"<h2>UTG PRO\u00ae MP5 Monoliitne M-LOK K\u00e4epide<\/h2>\n<p>MP5 k\u00e4epide alumiiniumist. See kerge k\u00e4epide pakub vastupidavust ja mitmek\u00fclgsust teie tulirelvale.<\/p>\n<ul>\n<li>Valmistatud USAs<\/li>\n<li>T\u00e4ispikkuses Picatinny \u00fclemine siiniosa optika ja lisaseadmete jaoks<\/li>\n<li>M-LOK pesad kella 3, 6 ja 9 positsioonidel<\/li>\n<li>Madala profiiliga disain<\/li>\n<li>Lihtne paigaldada kaasasolevate vahenditega<\/li>\n<li>\u00dchildub enamiku MP5 ja selle kloonmudelitega<\/li>\n<li>Saadaval mati musta viimistlusega<\/li>\n<\/ul>\n<p>K\u00e4epide MP5-le. Sobib taktikahuvilistele ja v\u00f5istlustele.<\/p>\n","protected":false},"excerpt":{"rendered":"<p>UTG PRO\u00ae MP5 M-LOK k\u00e4epide: Vastupidav, kerge ja modulaarne t\u00e4iendus.<\/p>\n","protected":false},"featured_media":0,"template":"","meta":{"_acf_changed":false},"product_brand":[],"product_cat":[722,610,611],"product_tag":[],"class_list":{"0":"post-536147","1":"product","2":"type-product","3":"status-publish","5":"product_cat-rails-et","6":"product_cat-rifle-et","7":"product_cat-rifle-parts-et","9":"first","10":"instock","11":"taxable","12":"shipping-taxable","13":"purchasable","14":"product-type-simple"},"acf":[],"_links":{"self":[{"href":"https:\/\/staging.nbg.eu\/et\/wp-json\/wp\/v2\/product\/536147","targetHints":{"allow":["GET"]}}],"collection":[{"href":"https:\/\/staging.nbg.eu\/et\/wp-json\/wp\/v2\/product"}],"about":[{"href":"https:\/\/staging.nbg.eu\/et\/wp-json\/wp\/v2\/types\/product"}],"wp:attachment":[{"href":"https:\/\/staging.nbg.eu\/et\/wp-json\/wp\/v2\/media?parent=536147"}],"wp:term":[{"taxonomy":"product_brand","embeddable":true,"href":"https:\/\/staging.nbg.eu\/et\/wp-json\/wp\/v2\/product_brand?post=536147"},{"taxonomy":"product_cat","embeddable":true,"href":"https:\/\/staging.nbg.eu\/et\/wp-json\/wp\/v2\/product_cat?post=536147"},{"taxonomy":"product_tag","embeddable":true,"href":"https:\/\/staging.nbg.eu\/et\/wp-json\/wp\/v2\/product_tag?post=536147"}],"curies":[{"name":"wp","href":"https:\/\/api.w.org\/{rel}","templated":true}]}}