{"id":535706,"date":"2025-09-05T00:01:54","date_gmt":"2025-09-04T21:01:54","guid":{"rendered":"https:\/\/staging.nbg.eu\/product\/vortex-defender-xl-red-dot-2moa-sight-dfxl-mrd2\/"},"modified":"2025-09-29T16:20:52","modified_gmt":"2025-09-29T13:20:52","slug":"vortex-defender-xl-punane-punkt-2moa-sihik-dfxl-mrd2","status":"publish","type":"product","link":"https:\/\/staging.nbg.eu\/et\/toode\/vortex-defender-xl-punane-punkt-2moa-sihik-dfxl-mrd2\/","title":{"rendered":"Vortex Defender-XL punane punkt 2MOA sihik &#8211; DFXL-MRD2"},"content":{"rendered":"<div class=\"product-description\">\n<h2>Vortex Defender-XL Punane Punktsihik 2MOA &#8211; DFXL-MRD2<\/h2>\n<p>Vortex Defender-XL 2 MOA punane punktsihik on kompaktne optiline seade, mis on m\u00f5eldud kiireks sihtimiseks. See sobib v\u00f5istlus- ja taktikalistele laskuritele ning tulirelvade huvilistele.<\/p>\n<h2>P\u00f5hiomadused:<\/h2>\n<ul>\n<li>2 MOA punane punkt<\/li>\n<li>10 heleduse seadet, sealhulgas 2 \u00f6\u00f6n\u00e4gemisega \u00fchilduvat re\u017eiimi<\/li>\n<li>Suur asf\u00e4\u00e4riline l\u00e4\u00e4ts<\/li>\n<li>ShockShield pol\u00fcmeerist sisend l\u00f6\u00f6gikindluse suurendamiseks<\/li>\n<li>Fast-Rack tekstuur kelgu liigutamiseks<\/li>\n<li>Liikumise aktiveerumine 10-minutilise automaatse v\u00e4ljal\u00fclitusega<\/li>\n<li>Nuppude lukustus tahtmatute muudatuste v\u00e4ltimiseks<\/li>\n<li>\u00dclalt laetav aku s\u00fcsteem<\/li>\n<li>Matt viimistlus<\/li>\n<\/ul>\n<p>Defender-XL on loodud taluma raskeid tingimusi. See on sobilik laskuritele, kes vajavad usaldusv\u00e4\u00e4rset ja mitmek\u00fclgset sihikut.<\/p>\n<\/div>\n","protected":false},"excerpt":{"rendered":"<p>Kompaktne, vastupidav punase t\u00e4pi sihik 2 MOA t\u00e4piga ja liikumisaktiveerimisega.<\/p>\n","protected":false},"featured_media":496168,"template":"","meta":{"_acf_changed":false},"product_brand":[],"product_cat":[772,1725,774,1756],"product_tag":[],"class_list":{"0":"post-535706","1":"product","2":"type-product","3":"status-publish","4":"has-post-thumbnail","6":"product_cat-aiming-et","7":"product_cat-pistol-dots-et","8":"product_cat-red-dots-et","9":"product_cat-rifle-dots-et","11":"first","12":"instock","13":"taxable","14":"shipping-taxable","15":"purchasable","16":"product-type-simple"},"acf":[],"_links":{"self":[{"href":"https:\/\/staging.nbg.eu\/et\/wp-json\/wp\/v2\/product\/535706","targetHints":{"allow":["GET"]}}],"collection":[{"href":"https:\/\/staging.nbg.eu\/et\/wp-json\/wp\/v2\/product"}],"about":[{"href":"https:\/\/staging.nbg.eu\/et\/wp-json\/wp\/v2\/types\/product"}],"wp:featuredmedia":[{"embeddable":true,"href":"https:\/\/staging.nbg.eu\/et\/wp-json\/wp\/v2\/media\/496168"}],"wp:attachment":[{"href":"https:\/\/staging.nbg.eu\/et\/wp-json\/wp\/v2\/media?parent=535706"}],"wp:term":[{"taxonomy":"product_brand","embeddable":true,"href":"https:\/\/staging.nbg.eu\/et\/wp-json\/wp\/v2\/product_brand?post=535706"},{"taxonomy":"product_cat","embeddable":true,"href":"https:\/\/staging.nbg.eu\/et\/wp-json\/wp\/v2\/product_cat?post=535706"},{"taxonomy":"product_tag","embeddable":true,"href":"https:\/\/staging.nbg.eu\/et\/wp-json\/wp\/v2\/product_tag?post=535706"}],"curies":[{"name":"wp","href":"https:\/\/api.w.org\/{rel}","templated":true}]}}