{"id":535603,"date":"2025-09-05T00:01:46","date_gmt":"2025-09-04T21:01:46","guid":{"rendered":"https:\/\/staging.nbg.eu\/product\/rh-502-speedloops-45-mm\/"},"modified":"2025-09-29T16:11:30","modified_gmt":"2025-09-29T13:11:30","slug":"rh-502-kiirluekkad-45-mm","status":"publish","type":"product","link":"https:\/\/staging.nbg.eu\/et\/toode\/rh-502-kiirluekkad-45-mm\/","title":{"rendered":"RH .502 kiirl\u00fckkad 45 mm"},"content":{"rendered":"<h2>RH .502 Speedloops 45 mm<\/h2>\n<p>RH .502 Speedloops 45 mm on terasaasad, mis on m\u00f5eldud cydex-karpidele ja RH Holster toodetele.<\/p>\n<h3>Peamised omadused:<\/h3>\n<ul>\n<li>Lihtne kasutada: V\u00f6\u00f6st l\u00e4bi p\u00f5imimist pole vaja<\/li>\n<li>Terasest konstruktsioon musta laki viimistlusega<\/li>\n<li>Sobib v\u00f6\u00f6dele paksusega kuni 7 mm<\/li>\n<li>45 mm suurus<\/li>\n<\/ul>\n<p>SpeedLoops RH Holsters v\u00f5imaldab kiiresti kinnitada cydex-karpi v\u00f6\u00f6le. Lihtsalt libistage aas kergelt l\u00f5dvendatud v\u00f6\u00f6le.<\/p>\n<h3>Eelised:<\/h3>\n<ul>\n<li>Disainitud spetsiaalselt cydex-karpidele<\/li>\n<li>\u00dchildub RH Holster karpidega<\/li>\n<li>Puudub vajadus v\u00f6\u00f6st l\u00e4bi p\u00f5imimiseks<\/li>\n<\/ul>\n<p><strong>V\u00e4rv:<\/strong> Must<\/p>\n<p><strong>Suurus:<\/strong> 45 mm<\/p>\n<p>RH .502 Speedloops 45 mm pakub mugavust ja funktsionaalsust.<\/p>\n","protected":false},"excerpt":{"rendered":"<p>RH .502 kiirkinnitusaasad: Kiirkinnitatavad terasaasad Cydex-karpidele, 45 mm.<\/p>\n","protected":false},"featured_media":496144,"template":"","meta":{"_acf_changed":false},"product_brand":[11636],"product_cat":[1003],"product_tag":[],"class_list":{"0":"post-535603","1":"product","2":"type-product","3":"status-publish","4":"has-post-thumbnail","6":"product_brand-rh-holsters","7":"product_cat-holster-accessories-et","9":"first","10":"outofstock","11":"taxable","12":"shipping-taxable","13":"purchasable","14":"product-type-simple"},"acf":[],"_links":{"self":[{"href":"https:\/\/staging.nbg.eu\/et\/wp-json\/wp\/v2\/product\/535603","targetHints":{"allow":["GET"]}}],"collection":[{"href":"https:\/\/staging.nbg.eu\/et\/wp-json\/wp\/v2\/product"}],"about":[{"href":"https:\/\/staging.nbg.eu\/et\/wp-json\/wp\/v2\/types\/product"}],"wp:featuredmedia":[{"embeddable":true,"href":"https:\/\/staging.nbg.eu\/et\/wp-json\/wp\/v2\/media\/496144"}],"wp:attachment":[{"href":"https:\/\/staging.nbg.eu\/et\/wp-json\/wp\/v2\/media?parent=535603"}],"wp:term":[{"taxonomy":"product_brand","embeddable":true,"href":"https:\/\/staging.nbg.eu\/et\/wp-json\/wp\/v2\/product_brand?post=535603"},{"taxonomy":"product_cat","embeddable":true,"href":"https:\/\/staging.nbg.eu\/et\/wp-json\/wp\/v2\/product_cat?post=535603"},{"taxonomy":"product_tag","embeddable":true,"href":"https:\/\/staging.nbg.eu\/et\/wp-json\/wp\/v2\/product_tag?post=535603"}],"curies":[{"name":"wp","href":"https:\/\/api.w.org\/{rel}","templated":true}]}}