{"id":535390,"date":"2025-09-04T23:53:51","date_gmt":"2025-09-04T20:53:51","guid":{"rendered":"https:\/\/staging.nbg.eu\/product\/law-tactical-llc-ar-15-m16-gen3-m-folding-stock-adapter-99312\/"},"modified":"2025-09-29T15:51:31","modified_gmt":"2025-09-29T12:51:31","slug":"law-tactical-llc-ar-15m16-gen3-m-kokkupandav-kaburi-adapter-99312","status":"publish","type":"product","link":"https:\/\/staging.nbg.eu\/et\/toode\/law-tactical-llc-ar-15m16-gen3-m-kokkupandav-kaburi-adapter-99312\/","title":{"rendered":"LAW TACTICAL LLC AR-15\/M16 Gen3-M kokkupandav kaburi adapter (99312)"},"content":{"rendered":"<h2>LAW TACTICAL LLC AR-15\/M16 Gen3-M Kokkupandava Laes\u00e4\u00e4re Adapter (99312)<\/h2>\n<p>AR platvormi p\u00fcssile sobiv kokkupandava laes\u00e4\u00e4re adapter. See tarvik t\u00f6\u00f6tab nii otsese surve kui ka gaasikolviga s\u00fcsteemidega, sobib A2, karbiin, mil-spec v\u00f5i kommertsiaalsetele puhvritoru ja laes\u00e4\u00e4redele.<\/p>\n<ul>\n<li>\u00dchildub standardsete lukuraami gruppidega (t\u00e4isautomaatne, poolautomaatne, 5.56 kuni .308)<\/li>\n<li>Sobib madalprofiilseks transpordiks<\/li>\n<li>\u00dche nupuga vabastus kokkupanemiseks<\/li>\n<li>Automaatne lukustumine lahtivolditud asendis<\/li>\n<li>CNC t\u00f6\u00f6deldud 4140 terasest<\/li>\n<li>Disainitud, ehitatud ja kokku pandud USAs<\/li>\n<li>Integreeritud \u00fche-punkti rihma kinnitus<\/li>\n<\/ul>\n<p>Suurendab AR-i mitmek\u00fclgsust. Saadaval kompaktsema ja kohandatava p\u00fcssi jaoks.<\/p>\n","protected":false},"excerpt":{"rendered":"<p>Kompaktne AR-15\/M16 kokkupandav p\u00fcssikaba adapter madalaprofiililiseks transpordiks.<\/p>\n","protected":false},"featured_media":496049,"template":"","meta":{"_acf_changed":false},"product_brand":[],"product_cat":[610,8963,611],"product_tag":[],"class_list":{"0":"post-535390","1":"product","2":"type-product","3":"status-publish","4":"has-post-thumbnail","6":"product_cat-rifle-et","7":"product_cat-rifle-stocks-et","8":"product_cat-rifle-parts-et","10":"first","11":"instock","12":"taxable","13":"shipping-taxable","14":"purchasable","15":"product-type-simple"},"acf":[],"_links":{"self":[{"href":"https:\/\/staging.nbg.eu\/et\/wp-json\/wp\/v2\/product\/535390","targetHints":{"allow":["GET"]}}],"collection":[{"href":"https:\/\/staging.nbg.eu\/et\/wp-json\/wp\/v2\/product"}],"about":[{"href":"https:\/\/staging.nbg.eu\/et\/wp-json\/wp\/v2\/types\/product"}],"wp:featuredmedia":[{"embeddable":true,"href":"https:\/\/staging.nbg.eu\/et\/wp-json\/wp\/v2\/media\/496049"}],"wp:attachment":[{"href":"https:\/\/staging.nbg.eu\/et\/wp-json\/wp\/v2\/media?parent=535390"}],"wp:term":[{"taxonomy":"product_brand","embeddable":true,"href":"https:\/\/staging.nbg.eu\/et\/wp-json\/wp\/v2\/product_brand?post=535390"},{"taxonomy":"product_cat","embeddable":true,"href":"https:\/\/staging.nbg.eu\/et\/wp-json\/wp\/v2\/product_cat?post=535390"},{"taxonomy":"product_tag","embeddable":true,"href":"https:\/\/staging.nbg.eu\/et\/wp-json\/wp\/v2\/product_tag?post=535390"}],"curies":[{"name":"wp","href":"https:\/\/api.w.org\/{rel}","templated":true}]}}