{"id":535064,"date":"2025-09-04T20:17:18","date_gmt":"2025-09-04T17:17:18","guid":{"rendered":"https:\/\/staging.nbg.eu\/product\/sprinco-usa-308-m4-extension-tube-cs-xp-buffer-spring-in-hard-tube-25762-orange\/"},"modified":"2025-09-29T15:16:15","modified_gmt":"2025-09-29T12:16:15","slug":"sprinco-usa-308-m4-pikendustoru-xp-puhvriveder-kovas-torus-25762-oranz","status":"publish","type":"product","link":"https:\/\/staging.nbg.eu\/et\/toode\/sprinco-usa-308-m4-pikendustoru-xp-puhvriveder-kovas-torus-25762-oranz\/","title":{"rendered":"SPRINCO USA 308 M4 pikendustoru XP puhvriveder k\u00f5vas torus (25762) Oran\u017e"},"content":{"rendered":"<div class=\"product-description\">\n<h2>SPRINCO USA 308 M4 pikendus toru CS XP puhver vedru k\u00f5vas torus (25762) Oran\u017e<\/h2>\n<p>See Sprinco USA toode on m\u00f5eldud kasutamiseks mitmes konfiguratsioonis:<\/p>\n<ul>\n<li>DPMS t\u00fc\u00fcpi .308 \/ 6.5 CM standardse 7&#8243; M4 puhver toruga ja 2.5&#8243; l\u00fchikese puhvriga<\/li>\n<li>SR-25 \/ Armalite t\u00fc\u00fcpi keskmise s\u00fcgavusega karabiinidele 3.25&#8243; puhvritega<\/li>\n<li>Standardsed 7&#8243; M4 torud \u00fcle-gaasistatud karabiinides (5.56, 6.8 SPC, 6.5 Grendel, jne.)<\/li>\n<\/ul>\n<p>Puhver vedru on pakendatud k\u00f5vasse torusse kaitseks transpordi ja hoiustamise ajal.<\/p>\n<\/div>\n","protected":false},"excerpt":{"rendered":"<p>Mitmek\u00fclgne puhvri vedru .308\/6.5 CM karabiinidele ja \u00fclegaasistatud p\u00fcssidele.<\/p>\n","protected":false},"featured_media":495542,"template":"","meta":{"_acf_changed":false},"product_brand":[],"product_cat":[610,611,2082],"product_tag":[],"class_list":{"0":"post-535064","1":"product","2":"type-product","3":"status-publish","4":"has-post-thumbnail","6":"product_cat-rifle-et","7":"product_cat-rifle-parts-et","8":"product_cat-springs-et","10":"first","11":"instock","12":"taxable","13":"shipping-taxable","14":"purchasable","15":"product-type-simple"},"acf":[],"_links":{"self":[{"href":"https:\/\/staging.nbg.eu\/et\/wp-json\/wp\/v2\/product\/535064","targetHints":{"allow":["GET"]}}],"collection":[{"href":"https:\/\/staging.nbg.eu\/et\/wp-json\/wp\/v2\/product"}],"about":[{"href":"https:\/\/staging.nbg.eu\/et\/wp-json\/wp\/v2\/types\/product"}],"wp:featuredmedia":[{"embeddable":true,"href":"https:\/\/staging.nbg.eu\/et\/wp-json\/wp\/v2\/media\/495542"}],"wp:attachment":[{"href":"https:\/\/staging.nbg.eu\/et\/wp-json\/wp\/v2\/media?parent=535064"}],"wp:term":[{"taxonomy":"product_brand","embeddable":true,"href":"https:\/\/staging.nbg.eu\/et\/wp-json\/wp\/v2\/product_brand?post=535064"},{"taxonomy":"product_cat","embeddable":true,"href":"https:\/\/staging.nbg.eu\/et\/wp-json\/wp\/v2\/product_cat?post=535064"},{"taxonomy":"product_tag","embeddable":true,"href":"https:\/\/staging.nbg.eu\/et\/wp-json\/wp\/v2\/product_tag?post=535064"}],"curies":[{"name":"wp","href":"https:\/\/api.w.org\/{rel}","templated":true}]}}