{"id":534950,"date":"2025-09-04T20:17:18","date_gmt":"2025-09-04T17:17:18","guid":{"rendered":"https:\/\/staging.nbg.eu\/product\/sprinco-usa-ar-308-buferna-pruzhina-25004-cherveno\/"},"modified":"2025-09-29T14:58:41","modified_gmt":"2025-09-29T11:58:41","slug":"sprinco-usa-ar-308-puhvriveder-25004-punane","status":"publish","type":"product","link":"https:\/\/staging.nbg.eu\/et\/toode\/sprinco-usa-ar-308-puhvriveder-25004-punane\/","title":{"rendered":"SPRINCO USA AR .308 puhvriveder (25004) Punane"},"content":{"rendered":"<div class=\"product-description\">\n<h2>SPRINCO USA AR .308 Puhvri Vedru (25004) Punane<\/h2>\n<p>SPRINCO USA AR .308 Puhvri Vedru (25004) Punane AR-platvormi tulirelva jaoks. See kroomsilikoonist vedru pakub:<\/p>\n<ul>\n<li>Pikem vastupidavus v\u00f5rreldes tavaliste vedrudega<\/li>\n<li>Parem t\u00f6\u00f6kindlus ja ts\u00fckkel, eriti \u00fclegaasistatud s\u00fcsteemides<\/li>\n<li>V\u00e4hendatud luku p\u00f5rkumine sujuvamaks t\u00f6\u00f6ks<\/li>\n<li>Parem tagasil\u00f6\u00f6gi kontroll<\/li>\n<li>Sobivus summutiga relvadega<\/li>\n<\/ul>\n<p>Disainitud spetsiaalselt M4 ja CAR-15 karabiin puhvers\u00fcsteemidele, see lisaj\u00f5uga vedru on punast v\u00e4rvi. Pakendatud k\u00f5vasse kaitsvasse torusse, see on m\u00f5eldud AR-15 platvormi karabiinidele.<\/p>\n<\/div>\n","protected":false},"excerpt":{"rendered":"<p>K\u00f5rge j\u00f5udlusega AR .308 puhverrvedru. Punane v\u00e4rv, parandab t\u00f6\u00f6kindlust.<\/p>\n","protected":false},"featured_media":495519,"template":"","meta":{"_acf_changed":false},"product_brand":[],"product_cat":[611,2082],"product_tag":[],"class_list":{"0":"post-534950","1":"product","2":"type-product","3":"status-publish","4":"has-post-thumbnail","6":"product_cat-rifle-parts-et","7":"product_cat-springs-et","9":"first","10":"instock","11":"taxable","12":"shipping-taxable","13":"purchasable","14":"product-type-simple"},"acf":[],"_links":{"self":[{"href":"https:\/\/staging.nbg.eu\/et\/wp-json\/wp\/v2\/product\/534950","targetHints":{"allow":["GET"]}}],"collection":[{"href":"https:\/\/staging.nbg.eu\/et\/wp-json\/wp\/v2\/product"}],"about":[{"href":"https:\/\/staging.nbg.eu\/et\/wp-json\/wp\/v2\/types\/product"}],"wp:featuredmedia":[{"embeddable":true,"href":"https:\/\/staging.nbg.eu\/et\/wp-json\/wp\/v2\/media\/495519"}],"wp:attachment":[{"href":"https:\/\/staging.nbg.eu\/et\/wp-json\/wp\/v2\/media?parent=534950"}],"wp:term":[{"taxonomy":"product_brand","embeddable":true,"href":"https:\/\/staging.nbg.eu\/et\/wp-json\/wp\/v2\/product_brand?post=534950"},{"taxonomy":"product_cat","embeddable":true,"href":"https:\/\/staging.nbg.eu\/et\/wp-json\/wp\/v2\/product_cat?post=534950"},{"taxonomy":"product_tag","embeddable":true,"href":"https:\/\/staging.nbg.eu\/et\/wp-json\/wp\/v2\/product_tag?post=534950"}],"curies":[{"name":"wp","href":"https:\/\/api.w.org\/{rel}","templated":true}]}}