{"id":534728,"date":"2025-09-04T20:17:18","date_gmt":"2025-09-04T17:17:18","guid":{"rendered":"https:\/\/staging.nbg.eu\/product\/law-tactical-llc-ar-15-m16-gen3-m-folding-stock-adapter-fde-99313\/"},"modified":"2025-09-29T13:46:03","modified_gmt":"2025-09-29T10:46:03","slug":"law-tactical-llc-ar-15m16-gen3-m-kokkupandav-kaburi-adapter-fde-99313","status":"publish","type":"product","link":"https:\/\/staging.nbg.eu\/et\/toode\/law-tactical-llc-ar-15m16-gen3-m-kokkupandav-kaburi-adapter-fde-99313\/","title":{"rendered":"LAW TACTICAL LLC AR-15\/M16 Gen3-M kokkupandav kaburi adapter FDE (99313)"},"content":{"rendered":"<div class=\"product-description\">\n<h2>LAW TACTICAL LLC AR-15\/M16 Gen3-M Kokkupandava Laes\u00e4\u00e4re Adapter FDE (99313)<\/h2>\n<p>USA-s toodetud LAW TACTICAL Gen3-M kokkupandava laes\u00e4\u00e4re adapter AR-15-le. See terasadapter v\u00f5imaldab paigaldada kokkupandava laes\u00e4\u00e4re, muutes relva kompaktseks.<\/p>\n<ul>\n<li>\u00dchildub standardsete gaasis\u00fcsteemidega<\/li>\n<li>Sobib A2, mil-spec M4-stiilis ja kommertskarbiini vastuv\u00f5tutorudega<\/li>\n<li>T\u00f6\u00f6tab standardsete lukukorpustega, sealhulgas t\u00e4isautomaatsete ja .308 suurusega<\/li>\n<li>\u00dche nupuga kasutamine kiireks kokku- ja lahtivoltimiseks<\/li>\n<li>Reguleeritav hinge pinge<\/li>\n<li>DLC kate vastupidavuseks<\/li>\n<li>Lisab 1,3&#8243; t\u00f5mbepikkusele<\/li>\n<li>Kaal: 8,5 untsi<\/li>\n<\/ul>\n<p><strong>M\u00e4rkus:<\/strong> \u00c4rge tulistage relva kokkupandud laes\u00e4\u00e4rega. \u00dchildub ainult Centerfire ja Mil-Spec kanduritega v\u00f5i \u00fchilduvate AR 9mm lukuga.<\/p>\n<\/div>\n","protected":false},"excerpt":{"rendered":"<p>Kompaktne AR-15 kokkupandav p\u00fcssikaela adapter lihtsaks transportimiseks ja hoiustamiseks.<\/p>\n","protected":false},"featured_media":495378,"template":"","meta":{"_acf_changed":false},"product_brand":[],"product_cat":[610,8963,611],"product_tag":[],"class_list":{"0":"post-534728","1":"product","2":"type-product","3":"status-publish","4":"has-post-thumbnail","6":"product_cat-rifle-et","7":"product_cat-rifle-stocks-et","8":"product_cat-rifle-parts-et","10":"first","11":"instock","12":"taxable","13":"shipping-taxable","14":"purchasable","15":"product-type-simple"},"acf":[],"_links":{"self":[{"href":"https:\/\/staging.nbg.eu\/et\/wp-json\/wp\/v2\/product\/534728","targetHints":{"allow":["GET"]}}],"collection":[{"href":"https:\/\/staging.nbg.eu\/et\/wp-json\/wp\/v2\/product"}],"about":[{"href":"https:\/\/staging.nbg.eu\/et\/wp-json\/wp\/v2\/types\/product"}],"wp:featuredmedia":[{"embeddable":true,"href":"https:\/\/staging.nbg.eu\/et\/wp-json\/wp\/v2\/media\/495378"}],"wp:attachment":[{"href":"https:\/\/staging.nbg.eu\/et\/wp-json\/wp\/v2\/media?parent=534728"}],"wp:term":[{"taxonomy":"product_brand","embeddable":true,"href":"https:\/\/staging.nbg.eu\/et\/wp-json\/wp\/v2\/product_brand?post=534728"},{"taxonomy":"product_cat","embeddable":true,"href":"https:\/\/staging.nbg.eu\/et\/wp-json\/wp\/v2\/product_cat?post=534728"},{"taxonomy":"product_tag","embeddable":true,"href":"https:\/\/staging.nbg.eu\/et\/wp-json\/wp\/v2\/product_tag?post=534728"}],"curies":[{"name":"wp","href":"https:\/\/api.w.org\/{rel}","templated":true}]}}