{"id":533850,"date":"2025-09-04T18:48:24","date_gmt":"2025-09-04T15:48:24","guid":{"rendered":"https:\/\/staging.nbg.eu\/product\/utg-h2-hard-coat-heavy-recoil-buffer-ar-15-m4-m16-rb-t6bfh2\/"},"modified":"2025-09-29T11:12:23","modified_gmt":"2025-09-29T08:12:23","slug":"utg-h2-kovakattega-raske-tagasiloeoegi-puhver-ar-15-m4-m16-rb-t6bfh2","status":"publish","type":"product","link":"https:\/\/staging.nbg.eu\/et\/toode\/utg-h2-kovakattega-raske-tagasiloeoegi-puhver-ar-15-m4-m16-rb-t6bfh2\/","title":{"rendered":"UTG &#8211; H2 k\u00f5vakattega raske tagasil\u00f6\u00f6gi puhver &#8211; AR-15 \/ M4 \/ M16 &#8211; RB-T6BFH2"},"content":{"rendered":"<div class=\"product-description\">\n<h2>UTG &#8211; H2 Tugev Kattekihiga Tagasil\u00f6\u00f6gipuhver &#8211; AR-15 \/ M4 \/ M16<\/h2>\n<p>AR-15 platvormile m\u00f5eldud UTG H2 tagasil\u00f6\u00f6gipuhver. Puhvri omadused:<\/p>\n<ul>\n<li>2 volframraskust ja 1 terasraskus sujuvamaks ts\u00fckliks ja usaldusv\u00e4\u00e4rsuseks<\/li>\n<li>Tugevdatud puhvri korpus k\u00f5vakatteanodeerimisega vastupidavuseks<\/li>\n<li>Tihedalt sobituv puhvri p\u00f5rkekumm optimaalseks toimimiseks<\/li>\n<li>Kogukaal: 4.6 untsi<\/li>\n<\/ul>\n<p>\u00dchildub AR-15, M4 ja M16 mudelitega. See matt must puhver on m\u00f5eldud tagasil\u00f6\u00f6gi v\u00e4hendamiseks. Volframi, terase ja alumiiniumi kombinatsioon tagab pika kasutusea ja \u00fchtlase toimimise.<\/p>\n<\/div>\n","protected":false},"excerpt":{"rendered":"<p>UTG H2 tugev tagasil\u00f6\u00f6gipuhver: sujuvam ts\u00fckkel AR-15 karabiinitele.<\/p>\n","protected":false},"featured_media":494362,"template":"","meta":{"_acf_changed":false},"product_brand":[],"product_cat":[611],"product_tag":[],"class_list":{"0":"post-533850","1":"product","2":"type-product","3":"status-publish","4":"has-post-thumbnail","6":"product_cat-rifle-parts-et","8":"first","9":"instock","10":"taxable","11":"shipping-taxable","12":"purchasable","13":"product-type-simple"},"acf":[],"_links":{"self":[{"href":"https:\/\/staging.nbg.eu\/et\/wp-json\/wp\/v2\/product\/533850","targetHints":{"allow":["GET"]}}],"collection":[{"href":"https:\/\/staging.nbg.eu\/et\/wp-json\/wp\/v2\/product"}],"about":[{"href":"https:\/\/staging.nbg.eu\/et\/wp-json\/wp\/v2\/types\/product"}],"wp:featuredmedia":[{"embeddable":true,"href":"https:\/\/staging.nbg.eu\/et\/wp-json\/wp\/v2\/media\/494362"}],"wp:attachment":[{"href":"https:\/\/staging.nbg.eu\/et\/wp-json\/wp\/v2\/media?parent=533850"}],"wp:term":[{"taxonomy":"product_brand","embeddable":true,"href":"https:\/\/staging.nbg.eu\/et\/wp-json\/wp\/v2\/product_brand?post=533850"},{"taxonomy":"product_cat","embeddable":true,"href":"https:\/\/staging.nbg.eu\/et\/wp-json\/wp\/v2\/product_cat?post=533850"},{"taxonomy":"product_tag","embeddable":true,"href":"https:\/\/staging.nbg.eu\/et\/wp-json\/wp\/v2\/product_tag?post=533850"}],"curies":[{"name":"wp","href":"https:\/\/api.w.org\/{rel}","templated":true}]}}