{"id":532731,"date":"2025-09-04T17:51:31","date_gmt":"2025-09-04T14:51:31","guid":{"rendered":"https:\/\/staging.nbg.eu\/product\/strike-industries-mass-driver-comp-for-glock-17-gen4\/"},"modified":"2025-09-29T09:49:35","modified_gmt":"2025-09-29T06:49:35","slug":"strike-industries-mass-driver-kompensaator-glock-17-gen4-jaoks","status":"publish","type":"product","link":"https:\/\/staging.nbg.eu\/et\/toode\/strike-industries-mass-driver-kompensaator-glock-17-gen4-jaoks\/","title":{"rendered":"Strike Industries &#8211; Mass Driver kompensaator Glock 17 Gen4 jaoks"},"content":{"rendered":"<h2>Strike Industries &#8211; Mass Driver Comp Glock 17 Gen4 jaoks<\/h2>\n<p>Strike Industries Mass Driver Compensator (MDC) Glock 17 Gen4 jaoks on kompensaatori disain, mis v\u00e4hendab mehhaanilist tagasil\u00f6\u00f6ki ilma ts\u00fcklilise t\u00f6\u00f6kindluse ohustamiseta.<\/p>\n<h2>P\u00f5hiomadused:<\/h2>\n<ul>\n<li>Eraldub t\u00f6\u00f6tavatest komponentidest p\u00e4rast s\u00fc\u00fctamist<\/li>\n<li>S\u00e4ilitab l\u00e4hedase ts\u00fcklilise kiiruse<\/li>\n<li>V\u00e4hendab vastastikust massi<\/li>\n<li>Laiendatud ava baffle l\u00f6\u00f6kide ja v\u00f5tmeaugustumise minimeerimiseks<\/li>\n<li>2,5 mm vabastusava kelgu kahjustuste v\u00e4ltimiseks<\/li>\n<li>\u00dchildub enamiku j\u00e4relturu keermestatud rauadega<\/li>\n<li>Sobib GLOCK\u2122 GEN3, GEN4 ja GEN5 G17 kelkudele<\/li>\n<li>T\u00f6\u00f6tab enamiku avatud otsaga kabuuridega<\/li>\n<\/ul>\n<p><strong>M\u00e4rkus:<\/strong> Soovitatav juhtvarda mutri p\u00f6\u00f6rdemoment: 25 naela\/tolli. +P ja +P+ laskemoona kasutamine v\u00f5ib p\u00f5hjustada enneaegset kulumist.<\/p>\n","protected":false},"excerpt":{"rendered":"<p>Revolutsiooniline kompensaatori disain v\u00e4hendatud tagasil\u00f6\u00f6gi ja kiirema ts\u00fcklilisuse jaoks.<\/p>\n","protected":false},"featured_media":493831,"template":"","meta":{"_acf_changed":false},"product_brand":[],"product_cat":[2169,2993],"product_tag":[],"class_list":{"0":"post-532731","1":"product","2":"type-product","3":"status-publish","4":"has-post-thumbnail","6":"product_cat-pistol-et","7":"product_cat-pistol-parts-et","9":"first","10":"instock","11":"taxable","12":"shipping-taxable","13":"purchasable","14":"product-type-simple"},"acf":[],"_links":{"self":[{"href":"https:\/\/staging.nbg.eu\/et\/wp-json\/wp\/v2\/product\/532731","targetHints":{"allow":["GET"]}}],"collection":[{"href":"https:\/\/staging.nbg.eu\/et\/wp-json\/wp\/v2\/product"}],"about":[{"href":"https:\/\/staging.nbg.eu\/et\/wp-json\/wp\/v2\/types\/product"}],"wp:featuredmedia":[{"embeddable":true,"href":"https:\/\/staging.nbg.eu\/et\/wp-json\/wp\/v2\/media\/493831"}],"wp:attachment":[{"href":"https:\/\/staging.nbg.eu\/et\/wp-json\/wp\/v2\/media?parent=532731"}],"wp:term":[{"taxonomy":"product_brand","embeddable":true,"href":"https:\/\/staging.nbg.eu\/et\/wp-json\/wp\/v2\/product_brand?post=532731"},{"taxonomy":"product_cat","embeddable":true,"href":"https:\/\/staging.nbg.eu\/et\/wp-json\/wp\/v2\/product_cat?post=532731"},{"taxonomy":"product_tag","embeddable":true,"href":"https:\/\/staging.nbg.eu\/et\/wp-json\/wp\/v2\/product_tag?post=532731"}],"curies":[{"name":"wp","href":"https:\/\/api.w.org\/{rel}","templated":true}]}}