{"id":532621,"date":"2025-09-04T17:51:31","date_gmt":"2025-09-04T14:51:31","guid":{"rendered":"https:\/\/staging.nbg.eu\/product\/strike-industries-mass-driver-comp-for-glock-17-gen5-black-si-g5-mdcomp-s\/"},"modified":"2025-09-29T09:41:09","modified_gmt":"2025-09-29T06:41:09","slug":"strike-industries-mass-driver-kompensaator-glock-17-gen5-jaoks-must-si-g5-mdcomp-s","status":"publish","type":"product","link":"https:\/\/staging.nbg.eu\/et\/toode\/strike-industries-mass-driver-kompensaator-glock-17-gen5-jaoks-must-si-g5-mdcomp-s\/","title":{"rendered":"Strike Industries &#8211; Mass Driver kompensaator Glock 17 Gen5 jaoks &#8211; Must &#8211; SI-G5-MDCOMP-S"},"content":{"rendered":"<h2>Strike Industries Mass Driver Comp Glock 17 Gen5 jaoks &#8211; Must<\/h2>\n<p>Strike Industries Mass Driver Compensator (MDC) Glock 17 Gen5 jaoks. See disain on inspireeritud teoreetilistest massidraiveri mootoritest kosmosereisidel.<\/p>\n<ul>\n<li>V\u00e4hendab mehaanilist tagasil\u00f6\u00f6ki ilma ts\u00fcklikiiruse m\u00f5jutamiseta<\/li>\n<li>V\u00e4hendab edasi-tagasi liikuvat massi j\u00f5udluse parandamiseks<\/li>\n<li>Laiendatud ava kuuli tabamuste ja p\u00f6\u00f6rlemise v\u00e4ltimiseks<\/li>\n<li>2,5 mm l\u00f5ige p\u00fcstoli kelgu kaitsmiseks<\/li>\n<li>\u00dchildub enamiku j\u00e4relturul m\u00fc\u00fcdavate keermestatud rauadega<\/li>\n<li>Sobib GLOCK\u2122 GEN3, GEN4 ja GEN5 G19 &amp; G17 kelkudele<\/li>\n<li>T\u00f6\u00f6tab enamiku kompensaatoreid mahutavate lahtiste kabuuridega<\/li>\n<\/ul>\n<p><strong>M\u00e4rkus:<\/strong> Soovitatav p\u00f6\u00f6rdemoment juhtvarda mutri jaoks: 25 naela\/toll. Kasutamine +P ja +P+ laskemoonaga v\u00f5ib p\u00f5hjustada enneaegset kulumist.<\/p>\n","protected":false},"excerpt":{"rendered":"<p>Strike Industries MDC: Revolutsiooniline tagasil\u00f6\u00f6gi v\u00e4hendamine Glock 17 Gen5 jaoks.<\/p>\n","protected":false},"featured_media":493785,"template":"","meta":{"_acf_changed":false},"product_brand":[],"product_cat":[2169,2993],"product_tag":[],"class_list":{"0":"post-532621","1":"product","2":"type-product","3":"status-publish","4":"has-post-thumbnail","6":"product_cat-pistol-et","7":"product_cat-pistol-parts-et","9":"first","10":"instock","11":"taxable","12":"shipping-taxable","13":"purchasable","14":"product-type-simple"},"acf":[],"_links":{"self":[{"href":"https:\/\/staging.nbg.eu\/et\/wp-json\/wp\/v2\/product\/532621","targetHints":{"allow":["GET"]}}],"collection":[{"href":"https:\/\/staging.nbg.eu\/et\/wp-json\/wp\/v2\/product"}],"about":[{"href":"https:\/\/staging.nbg.eu\/et\/wp-json\/wp\/v2\/types\/product"}],"wp:featuredmedia":[{"embeddable":true,"href":"https:\/\/staging.nbg.eu\/et\/wp-json\/wp\/v2\/media\/493785"}],"wp:attachment":[{"href":"https:\/\/staging.nbg.eu\/et\/wp-json\/wp\/v2\/media?parent=532621"}],"wp:term":[{"taxonomy":"product_brand","embeddable":true,"href":"https:\/\/staging.nbg.eu\/et\/wp-json\/wp\/v2\/product_brand?post=532621"},{"taxonomy":"product_cat","embeddable":true,"href":"https:\/\/staging.nbg.eu\/et\/wp-json\/wp\/v2\/product_cat?post=532621"},{"taxonomy":"product_tag","embeddable":true,"href":"https:\/\/staging.nbg.eu\/et\/wp-json\/wp\/v2\/product_tag?post=532621"}],"curies":[{"name":"wp","href":"https:\/\/api.w.org\/{rel}","templated":true}]}}