{"id":530746,"date":"2025-09-04T17:31:53","date_gmt":"2025-09-04T14:31:53","guid":{"rendered":"https:\/\/staging.nbg.eu\/product\/pistoletna-drzhka-magpul-moe-k2-za-ak-fde-mag683-fde\/"},"modified":"2025-09-26T16:05:09","modified_gmt":"2025-09-26T13:05:09","slug":"puestolkaeepide-magpul-moe-k2-ak-fde-mag683-fde","status":"publish","type":"product","link":"https:\/\/staging.nbg.eu\/et\/toode\/puestolkaeepide-magpul-moe-k2-ak-fde-mag683-fde\/","title":{"rendered":"P\u00fcstolk\u00e4epide Magpul MOE-K2 AK FDE MAG683-FDE"},"content":{"rendered":"<div class=\"product-description\">\n<h2>Magpul MOE-K2 AK k\u00e4epide &#8211; FDE (MAG683-FDE)<\/h2>\n<p>AK47\/AK74 platvormi relvale m\u00f5eldud Magpul MOE-K2 AK k\u00e4epide Flat Dark Earth v\u00e4rvis. K\u00e4epide pakub:<\/p>\n<ul>\n<li>Parem ergonoomika ja kontroll<\/li>\n<li>Vastupidav, tekstureeritud pol\u00fcmeer konstruktsioon<\/li>\n<li>Mittelibisev haardepind<\/li>\n<li>J\u00e4rsem k\u00e4epideme nurk kaasaegsete laskeasendite jaoks<\/li>\n<li>V\u00e4hendatud randme v\u00e4simust pikemaajalisel kasutamisel<\/li>\n<\/ul>\n<p>Magpuli poolt disainitud FDE k\u00e4epide sobib erinevate AK viimistlustega. MOE-K2 AK k\u00e4epide parandab AK funktsionaalsust ja v\u00e4limust.<\/p>\n<p><strong>Tootja osanumber:<\/strong> MAG683-FDE<\/p>\n<p><strong>UPC:<\/strong> 840815117117<\/p>\n<\/div>\n","protected":false},"excerpt":{"rendered":"<p>Magpul MOE-K2 AK k\u00e4epide: Ergonoomiline, libisemisvastane, j\u00e4rsema nurgaga mugavuse tagamiseks.<\/p>\n","protected":false},"featured_media":0,"template":"","meta":{"_acf_changed":false},"product_brand":[],"product_cat":[489],"product_tag":[],"class_list":{"0":"post-530746","1":"product","2":"type-product","3":"status-publish","5":"product_cat-uncategorized-et","7":"first","8":"instock","9":"taxable","10":"shipping-taxable","11":"purchasable","12":"product-type-simple"},"acf":[],"_links":{"self":[{"href":"https:\/\/staging.nbg.eu\/et\/wp-json\/wp\/v2\/product\/530746","targetHints":{"allow":["GET"]}}],"collection":[{"href":"https:\/\/staging.nbg.eu\/et\/wp-json\/wp\/v2\/product"}],"about":[{"href":"https:\/\/staging.nbg.eu\/et\/wp-json\/wp\/v2\/types\/product"}],"wp:attachment":[{"href":"https:\/\/staging.nbg.eu\/et\/wp-json\/wp\/v2\/media?parent=530746"}],"wp:term":[{"taxonomy":"product_brand","embeddable":true,"href":"https:\/\/staging.nbg.eu\/et\/wp-json\/wp\/v2\/product_brand?post=530746"},{"taxonomy":"product_cat","embeddable":true,"href":"https:\/\/staging.nbg.eu\/et\/wp-json\/wp\/v2\/product_cat?post=530746"},{"taxonomy":"product_tag","embeddable":true,"href":"https:\/\/staging.nbg.eu\/et\/wp-json\/wp\/v2\/product_tag?post=530746"}],"curies":[{"name":"wp","href":"https:\/\/api.w.org\/{rel}","templated":true}]}}