{"id":530270,"date":"2025-09-04T17:31:48","date_gmt":"2025-09-04T14:31:48","guid":{"rendered":"https:\/\/staging.nbg.eu\/product\/magpul-moe-m-lok-hand-guard-for-ar15-m4-carbine-length-black\/"},"modified":"2025-09-26T15:23:48","modified_gmt":"2025-09-26T12:23:48","slug":"magpul-moe-m-lok-kaeepide-ar15m4-karabiin-pikkus-must","status":"publish","type":"product","link":"https:\/\/staging.nbg.eu\/et\/toode\/magpul-moe-m-lok-kaeepide-ar15m4-karabiin-pikkus-must\/","title":{"rendered":"Magpul &#8211; MOE M-LOK K\u00e4epide AR15\/M4 &#8211; Karabiin Pikkus &#8211; Must"},"content":{"rendered":"<div class=\"product-description\">\n<h2>Magpul &#8211; MOE\u00ae M-LOK\u00ae k\u00e4epide AR15\/M4 jaoks &#8211; Karabiini pikkusega &#8211; Must (MAG424-BLK)<\/h2>\n<p>AR15\/M4 k\u00e4epide. See karabiini pikkusega k\u00e4epide on m\u00f5eldud kasutamiseks ja mugavuseks.<\/p>\n<ul>\n<li>Tugevdatud pol\u00fcmeer konstruktsioon kerge vastupidavuse jaoks<\/li>\n<li>M-LOK\u00ae kinnitusaugud kell 2, 6 ja 10 asendites<\/li>\n<li>Ergonoomiline kuju tekstuuriga pinnaga haardeks<\/li>\n<li>Sisseehitatud kuumakaitse kaitseb k\u00e4si kuuma gaasis\u00fcsteemi eest<\/li>\n<li>Lihtne paigaldus standardse delta r\u00f5ngaga<\/li>\n<li>\u00dchildub nii otsese surve kui ka kolvi ajamiga s\u00fcsteemidega<\/li>\n<li>Parandab relvaraua jahutust<\/li>\n<\/ul>\n<p>MOE\u00ae M-LOK\u00ae k\u00e4epide pakub mitmek\u00fclgsust ja mugavust teie AR15\/M4 jaoks. Selle pol\u00fcmeer konstruktsioon on kuumakindel ja kergem kui alumiinium alternatiivid, samas kui M-LOK\u00ae s\u00fcsteem v\u00f5imaldab lisaseadmete lihtsat paigaldamist.<\/p>\n<h3>Tehnilised andmed:<\/h3>\n<ul>\n<li>Kaal: 181 g<\/li>\n<li>Pikkus: 182 mm<\/li>\n<li>Laius: 56 mm<\/li>\n<li>K\u00f5rgus: 68 mm<\/li>\n<li>V\u00e4rv: Must<\/li>\n<li>Valmistatud USAs<\/li>\n<\/ul>\n<\/div>\n","protected":false},"excerpt":{"rendered":"<p>Magpul MOE M-LOK AR15\/M4 karabiini k\u00e4epide. Pol\u00fcmeer, M-LOK kinnitused, ergonoomiline.<\/p>\n","protected":false},"featured_media":493116,"template":"","meta":{"_acf_changed":false},"product_brand":[],"product_cat":[722,610,611],"product_tag":[],"class_list":{"0":"post-530270","1":"product","2":"type-product","3":"status-publish","4":"has-post-thumbnail","6":"product_cat-rails-et","7":"product_cat-rifle-et","8":"product_cat-rifle-parts-et","10":"first","11":"instock","12":"taxable","13":"shipping-taxable","14":"purchasable","15":"product-type-simple"},"acf":[],"_links":{"self":[{"href":"https:\/\/staging.nbg.eu\/et\/wp-json\/wp\/v2\/product\/530270","targetHints":{"allow":["GET"]}}],"collection":[{"href":"https:\/\/staging.nbg.eu\/et\/wp-json\/wp\/v2\/product"}],"about":[{"href":"https:\/\/staging.nbg.eu\/et\/wp-json\/wp\/v2\/types\/product"}],"wp:featuredmedia":[{"embeddable":true,"href":"https:\/\/staging.nbg.eu\/et\/wp-json\/wp\/v2\/media\/493116"}],"wp:attachment":[{"href":"https:\/\/staging.nbg.eu\/et\/wp-json\/wp\/v2\/media?parent=530270"}],"wp:term":[{"taxonomy":"product_brand","embeddable":true,"href":"https:\/\/staging.nbg.eu\/et\/wp-json\/wp\/v2\/product_brand?post=530270"},{"taxonomy":"product_cat","embeddable":true,"href":"https:\/\/staging.nbg.eu\/et\/wp-json\/wp\/v2\/product_cat?post=530270"},{"taxonomy":"product_tag","embeddable":true,"href":"https:\/\/staging.nbg.eu\/et\/wp-json\/wp\/v2\/product_tag?post=530270"}],"curies":[{"name":"wp","href":"https:\/\/api.w.org\/{rel}","templated":true}]}}