{"id":53007,"date":"2024-03-08T06:59:20","date_gmt":"2024-09-13T12:46:20","guid":{"rendered":"https:\/\/staging.nbg.eu\/product\/bore-tech-shotgun-blend\/"},"modified":"2024-09-13T12:47:10","modified_gmt":"2024-09-13T12:47:10","slug":"bore-tech-haavlipuessi-puhastussegu","status":"publish","type":"product","link":"https:\/\/staging.nbg.eu\/et\/toode\/bore-tech-haavlipuessi-puhastussegu\/","title":{"rendered":"Bore Tech haavlip\u00fcssi puhastussegu"},"content":{"rendered":"<p>\nBore Tech&#8217;i haavlip\u00fcssi puhastussegu on ammoniaagivaba relvatorupuhasti. See biolagunev segu eemaldab t\u00f5husalt plii, p\u00fcssirohu ja plastikkestade j\u00e4\u00e4gid rauast, sundkoonusest ja t\u00e4\u00e4kidest. Toode on ohutu, l\u00f5hnatu ja kasutajas\u00f5bralik. Puhastamise tulemused on n\u00e4htavad puhastuslapil.<\/p>\n","protected":false},"excerpt":{"rendered":"<p>V\u00f5imas puuripuhasti eemaldab ohutult plii, s\u00fcsiniku ja plastiku j\u00e4\u00e4gid.<\/p>\n","protected":false},"featured_media":53008,"template":"","meta":{"_acf_changed":false},"product_brand":[11150],"product_cat":[1893,1418],"product_tag":[],"class_list":{"0":"post-53007","1":"product","2":"type-product","3":"status-publish","4":"has-post-thumbnail","6":"product_brand-boretech","7":"product_cat-cleaners-et","8":"product_cat-maintenance-et","10":"first","11":"instock","12":"taxable","13":"shipping-taxable","14":"purchasable","15":"product-type-variable","16":"wvs-archive-product-wrapper"},"acf":[],"_links":{"self":[{"href":"https:\/\/staging.nbg.eu\/et\/wp-json\/wp\/v2\/product\/53007","targetHints":{"allow":["GET"]}}],"collection":[{"href":"https:\/\/staging.nbg.eu\/et\/wp-json\/wp\/v2\/product"}],"about":[{"href":"https:\/\/staging.nbg.eu\/et\/wp-json\/wp\/v2\/types\/product"}],"wp:featuredmedia":[{"embeddable":true,"href":"https:\/\/staging.nbg.eu\/et\/wp-json\/wp\/v2\/media\/53008"}],"wp:attachment":[{"href":"https:\/\/staging.nbg.eu\/et\/wp-json\/wp\/v2\/media?parent=53007"}],"wp:term":[{"taxonomy":"product_brand","embeddable":true,"href":"https:\/\/staging.nbg.eu\/et\/wp-json\/wp\/v2\/product_brand?post=53007"},{"taxonomy":"product_cat","embeddable":true,"href":"https:\/\/staging.nbg.eu\/et\/wp-json\/wp\/v2\/product_cat?post=53007"},{"taxonomy":"product_tag","embeddable":true,"href":"https:\/\/staging.nbg.eu\/et\/wp-json\/wp\/v2\/product_tag?post=53007"}],"curies":[{"name":"wp","href":"https:\/\/api.w.org\/{rel}","templated":true}]}}