{"id":529946,"date":"2025-09-02T20:30:44","date_gmt":"2025-09-02T17:30:44","guid":{"rendered":"https:\/\/staging.nbg.eu\/product\/predna-drzhka-magpul-zhukov-za-ak-47-ak-74-lilava-mag586-plm\/"},"modified":"2025-09-26T15:04:51","modified_gmt":"2025-09-26T12:04:51","slug":"eesmine-kaeepide-magpul-zhukov-ak-47ak-74-lilla-mag586-plm","status":"publish","type":"product","link":"https:\/\/staging.nbg.eu\/et\/toode\/eesmine-kaeepide-magpul-zhukov-ak-47ak-74-lilla-mag586-plm\/","title":{"rendered":"Eesmine k\u00e4epide Magpul ZHUKOV AK-47\/AK-74 lilla MAG586 PLM"},"content":{"rendered":"<div class=\"product-description\">\n<h2>Magpul ZHUKOV k\u00e4epide AK-47\/AK-74 jaoks &#8211; Ploomiv\u00e4rv (MAG586-PLM)<\/h2>\n<p>AK-47 v\u00f5i AK-74 jaoks m\u00f5eldud Magpul ZHUKOV k\u00e4epide ploomiv\u00e4rvi viimistlusega. See pikendatud k\u00e4epide pakub suuremat haardepinda ja lisav\u00f5imalusi lisaseadmete kinnitamiseks.<\/p>\n<ul>\n<li>\u00dchildub enamiku AK-47\/AKM\/AK-74 p\u00fcssidega (relvaraua l\u00e4bim\u00f5\u00f5t 16,75-18,25mm, pikkus &gt;13&#8243;)<\/li>\n<li>T\u00e4ispikkuses, k\u00f5vakatteanodeeritud alumiiniumkorpus paindumatu kinnituse ja soojuskaitse jaoks<\/li>\n<li>Vastupidav pol\u00fcmeerist v\u00e4liskate M-LOK lisavarustuse kinnituskohtadega<\/li>\n<li>Sisaldab asenduspol\u00fcmeerist \u00fclemist katet<\/li>\n<li>\u00dchildub UltiMAK optilise sihiku kinnitusega<\/li>\n<li>Pikkus: 11,7 tolli<\/li>\n<\/ul>\n<p>See mitmek\u00fclgne k\u00e4epide sobib jahimeestele ja laskesportlastele.<\/p>\n<\/div>\n","protected":false},"excerpt":{"rendered":"<p>Pikendatud Magpul ZHUKOV k\u00e4epide AK-47\/AK-74 jaoks, ploomiv\u00e4rvi, M-LOK \u00fchilduv.<\/p>\n","protected":false},"featured_media":0,"template":"","meta":{"_acf_changed":false},"product_brand":[],"product_cat":[489],"product_tag":[],"class_list":{"0":"post-529946","1":"product","2":"type-product","3":"status-publish","5":"product_cat-uncategorized-et","7":"first","8":"instock","9":"taxable","10":"shipping-taxable","11":"purchasable","12":"product-type-simple"},"acf":[],"_links":{"self":[{"href":"https:\/\/staging.nbg.eu\/et\/wp-json\/wp\/v2\/product\/529946","targetHints":{"allow":["GET"]}}],"collection":[{"href":"https:\/\/staging.nbg.eu\/et\/wp-json\/wp\/v2\/product"}],"about":[{"href":"https:\/\/staging.nbg.eu\/et\/wp-json\/wp\/v2\/types\/product"}],"wp:attachment":[{"href":"https:\/\/staging.nbg.eu\/et\/wp-json\/wp\/v2\/media?parent=529946"}],"wp:term":[{"taxonomy":"product_brand","embeddable":true,"href":"https:\/\/staging.nbg.eu\/et\/wp-json\/wp\/v2\/product_brand?post=529946"},{"taxonomy":"product_cat","embeddable":true,"href":"https:\/\/staging.nbg.eu\/et\/wp-json\/wp\/v2\/product_cat?post=529946"},{"taxonomy":"product_tag","embeddable":true,"href":"https:\/\/staging.nbg.eu\/et\/wp-json\/wp\/v2\/product_tag?post=529946"}],"curies":[{"name":"wp","href":"https:\/\/api.w.org\/{rel}","templated":true}]}}