{"id":529282,"date":"2025-09-02T20:21:32","date_gmt":"2025-09-02T17:21:32","guid":{"rendered":"https:\/\/staging.nbg.eu\/product\/magpul-gl-enhanced-magazine-well-for-glock-19-gen-4-mag950\/"},"modified":"2025-09-26T12:31:47","modified_gmt":"2025-09-26T09:31:47","slug":"magpul-gl-taeiustatud-salveleht-glock-19-gen-4-mag950","status":"publish","type":"product","link":"https:\/\/staging.nbg.eu\/et\/toode\/magpul-gl-taeiustatud-salveleht-glock-19-gen-4-mag950\/","title":{"rendered":"Magpul &#8211; GL T\u00e4iustatud Salveleht GLOCK 19 GEN 4 &#8211; MAG950"},"content":{"rendered":"<h2>Magpul GL t\u00e4iustatud salvekanal GLOCK\u00ae 19 Gen4 jaoks &#8211; MAG950<\/h2>\n<p>Magpuli salvekanal GLOCK 19 Gen4 jaoks. Loodud sujuvaks salve sisestamiseks ja eemaldamiseks. P\u00f5hiomadused:<\/p>\n<ul>\n<li>Kompaktne disain<\/li>\n<li>Sobib standardse mahutavusega GLOCK salvedele ja Magpul GL9\u00ae PMAGidele\u00ae<\/li>\n<li>Sujuv pind salve k\u00e4sitsemiseks<\/li>\n<li>Toodetud USAs<\/li>\n<\/ul>\n<p><strong>M\u00e4rkus:<\/strong> Ei \u00fchildu GLOCK modulaarsete k\u00e4epidemete ega m\u00f5nede v\u00e4hendatud mahutavusega salvedega. Tihedama sobivuse korral soovitatakse professionaalset paigaldust.<\/p>\n","protected":false},"excerpt":{"rendered":"<p>T\u00e4iustage GLOCK 19 Gen4 salve sisestamist Magpuli stiilse salvesuudmega.<\/p>\n","protected":false},"featured_media":491117,"template":"","meta":{"_acf_changed":false},"product_brand":[11403,11548],"product_cat":[2169,2993],"product_tag":[],"class_list":{"0":"post-529282","1":"product","2":"type-product","3":"status-publish","4":"has-post-thumbnail","6":"product_brand-glock","7":"product_brand-magpul","8":"product_cat-pistol-et","9":"product_cat-pistol-parts-et","11":"first","12":"instock","13":"taxable","14":"shipping-taxable","15":"purchasable","16":"product-type-simple"},"acf":[],"_links":{"self":[{"href":"https:\/\/staging.nbg.eu\/et\/wp-json\/wp\/v2\/product\/529282","targetHints":{"allow":["GET"]}}],"collection":[{"href":"https:\/\/staging.nbg.eu\/et\/wp-json\/wp\/v2\/product"}],"about":[{"href":"https:\/\/staging.nbg.eu\/et\/wp-json\/wp\/v2\/types\/product"}],"wp:featuredmedia":[{"embeddable":true,"href":"https:\/\/staging.nbg.eu\/et\/wp-json\/wp\/v2\/media\/491117"}],"wp:attachment":[{"href":"https:\/\/staging.nbg.eu\/et\/wp-json\/wp\/v2\/media?parent=529282"}],"wp:term":[{"taxonomy":"product_brand","embeddable":true,"href":"https:\/\/staging.nbg.eu\/et\/wp-json\/wp\/v2\/product_brand?post=529282"},{"taxonomy":"product_cat","embeddable":true,"href":"https:\/\/staging.nbg.eu\/et\/wp-json\/wp\/v2\/product_cat?post=529282"},{"taxonomy":"product_tag","embeddable":true,"href":"https:\/\/staging.nbg.eu\/et\/wp-json\/wp\/v2\/product_tag?post=529282"}],"curies":[{"name":"wp","href":"https:\/\/api.w.org\/{rel}","templated":true}]}}