{"id":52899,"date":"2024-03-08T09:51:57","date_gmt":"2024-03-08T09:51:57","guid":{"rendered":"https:\/\/staging.nbg.eu\/product\/bronze-spiral-shotgun-brush\/"},"modified":"2024-09-13T12:44:49","modified_gmt":"2024-09-13T12:44:49","slug":"pronksist-spiraalne-haavlipuessi-hari","status":"publish","type":"product","link":"https:\/\/staging.nbg.eu\/et\/toode\/pronksist-spiraalne-haavlipuessi-hari\/","title":{"rendered":"Pronksist spiraalne haavlip\u00fcssi hari"},"content":{"rendered":"<p>Bore Tech&#8217;i pronksist spiraalne haavlip\u00fcssi hari on varustatud keerdus harjastega. Valmistatud rauas\u00f5bralikust fosforpronksist. Eemaldab plastikj\u00e4\u00e4gid ja kestab kauem kui tavalised traatharjased. Saadaval kaliibrites 10 &#8211; .410, sobib standardsetele 5\/16-27 keermega varrastele.<\/p>\n","protected":false},"excerpt":{"rendered":"<p>Uuenduslik spiraalne hari p\u00f5hjalikuks ja ohutuks p\u00fcssiraua puhastamiseks.<\/p>\n","protected":false},"featured_media":52900,"template":"","meta":{"_acf_changed":false},"product_brand":[11150],"product_cat":[1417,1418],"product_tag":[],"class_list":{"0":"post-52899","1":"product","2":"type-product","3":"status-publish","4":"has-post-thumbnail","6":"product_brand-boretech","7":"product_cat-brushes-et","8":"product_cat-maintenance-et","10":"first","11":"outofstock","12":"taxable","13":"shipping-taxable","14":"purchasable","15":"product-type-simple"},"acf":[],"_links":{"self":[{"href":"https:\/\/staging.nbg.eu\/et\/wp-json\/wp\/v2\/product\/52899","targetHints":{"allow":["GET"]}}],"collection":[{"href":"https:\/\/staging.nbg.eu\/et\/wp-json\/wp\/v2\/product"}],"about":[{"href":"https:\/\/staging.nbg.eu\/et\/wp-json\/wp\/v2\/types\/product"}],"wp:featuredmedia":[{"embeddable":true,"href":"https:\/\/staging.nbg.eu\/et\/wp-json\/wp\/v2\/media\/52900"}],"wp:attachment":[{"href":"https:\/\/staging.nbg.eu\/et\/wp-json\/wp\/v2\/media?parent=52899"}],"wp:term":[{"taxonomy":"product_brand","embeddable":true,"href":"https:\/\/staging.nbg.eu\/et\/wp-json\/wp\/v2\/product_brand?post=52899"},{"taxonomy":"product_cat","embeddable":true,"href":"https:\/\/staging.nbg.eu\/et\/wp-json\/wp\/v2\/product_cat?post=52899"},{"taxonomy":"product_tag","embeddable":true,"href":"https:\/\/staging.nbg.eu\/et\/wp-json\/wp\/v2\/product_tag?post=52899"}],"curies":[{"name":"wp","href":"https:\/\/api.w.org\/{rel}","templated":true}]}}