{"id":527812,"date":"2025-09-02T20:21:10","date_gmt":"2025-09-02T17:21:10","guid":{"rendered":"https:\/\/staging.nbg.eu\/product\/strike-industries-g5-magwell-for-glock-17-22-31-34-35-45-gen5-si-g5-magwell-17\/"},"modified":"2025-09-25T22:34:23","modified_gmt":"2025-09-25T19:34:23","slug":"strike-industries-g5-salveleht-glock-172231343545-gen5-si-g5-magwell-17","status":"publish","type":"product","link":"https:\/\/staging.nbg.eu\/et\/toode\/strike-industries-g5-salveleht-glock-172231343545-gen5-si-g5-magwell-17\/","title":{"rendered":"Strike Industries &#8211; G5 Salveleht Glock 17\/22\/31\/34\/35\/45 Gen5 &#8211; SI-G5-MAGWELL-17"},"content":{"rendered":"<div class=\"product-description\">\n<h2>Strike Industries G5 MagWell Glock 17\/22\/31\/34\/35\/45 Gen5 jaoks<\/h2>\n<p>Strike Industries G5 MagWell on lisaseade Glock Gen5 jaoks. See on m\u00f5eldud salve lihtsamaks laadimiseks.<\/p>\n<ul>\n<li>\u00dchildub Glock G17\/G22\/G31\/G34\/G35\/G45 Gen5 mudelitega<\/li>\n<li>Laiendatud disain salve sujuvamaks sisestamiseks<\/li>\n<li>Kerge (0.4 untsi) ja vastupidav pol\u00fcmeer konstruktsioon<\/li>\n<li>Lihtne paigaldus kaasasoleva M4 seadekruvi ja 2.5mm kuuskantv\u00f5tmega<\/li>\n<li>M\u00f5\u00f5tmed: 61.72mm (P) x 37.34mm (L) x 23.11mm (K)<\/li>\n<\/ul>\n<p>Parandab laadimise kiirust ja \u00fchtlust. Sobib enamiku j\u00e4relturu salve p\u00f5hjaplaatide ja pikendustega. Sobib kasutamiseks koos Strike EMP-ga.<\/p>\n<p><strong>M\u00e4rkus:<\/strong> \u00c4rge pingutage seadekruvi paigaldamise ajal \u00fcle, et v\u00e4ltida valesti joondumist v\u00f5i kahjustusi.<\/p>\n<\/div>\n","protected":false},"excerpt":{"rendered":"<p>T\u00e4iustage Glock Gen5 salvevahetust Strike Industries&#8217;i stiilse salvepikendusega.<\/p>\n","protected":false},"featured_media":490771,"template":"","meta":{"_acf_changed":false},"product_brand":[11403,11548],"product_cat":[2169,2993],"product_tag":[],"class_list":{"0":"post-527812","1":"product","2":"type-product","3":"status-publish","4":"has-post-thumbnail","6":"product_brand-glock","7":"product_brand-magpul","8":"product_cat-pistol-et","9":"product_cat-pistol-parts-et","11":"first","12":"instock","13":"taxable","14":"shipping-taxable","15":"purchasable","16":"product-type-simple"},"acf":[],"_links":{"self":[{"href":"https:\/\/staging.nbg.eu\/et\/wp-json\/wp\/v2\/product\/527812","targetHints":{"allow":["GET"]}}],"collection":[{"href":"https:\/\/staging.nbg.eu\/et\/wp-json\/wp\/v2\/product"}],"about":[{"href":"https:\/\/staging.nbg.eu\/et\/wp-json\/wp\/v2\/types\/product"}],"wp:featuredmedia":[{"embeddable":true,"href":"https:\/\/staging.nbg.eu\/et\/wp-json\/wp\/v2\/media\/490771"}],"wp:attachment":[{"href":"https:\/\/staging.nbg.eu\/et\/wp-json\/wp\/v2\/media?parent=527812"}],"wp:term":[{"taxonomy":"product_brand","embeddable":true,"href":"https:\/\/staging.nbg.eu\/et\/wp-json\/wp\/v2\/product_brand?post=527812"},{"taxonomy":"product_cat","embeddable":true,"href":"https:\/\/staging.nbg.eu\/et\/wp-json\/wp\/v2\/product_cat?post=527812"},{"taxonomy":"product_tag","embeddable":true,"href":"https:\/\/staging.nbg.eu\/et\/wp-json\/wp\/v2\/product_tag?post=527812"}],"curies":[{"name":"wp","href":"https:\/\/api.w.org\/{rel}","templated":true}]}}