{"id":527703,"date":"2025-09-02T20:21:13","date_gmt":"2025-09-02T17:21:13","guid":{"rendered":"https:\/\/staging.nbg.eu\/product\/strike-industries-g4-magwell-for-glock-17-22-31-34-35-gen4-si-g4-magwell\/"},"modified":"2025-09-25T22:29:17","modified_gmt":"2025-09-25T19:29:17","slug":"strike-industries-g4-salveleht-glock-1722313435-gen4-si-g4-magwell","status":"publish","type":"product","link":"https:\/\/staging.nbg.eu\/et\/toode\/strike-industries-g4-salveleht-glock-1722313435-gen4-si-g4-magwell\/","title":{"rendered":"Strike Industries &#8211; G4 Salveleht Glock 17\/22\/31\/34\/35 Gen4 &#8211; SI-G4-MAGWELL"},"content":{"rendered":"<div class=\"product-description\">\n<h2>Strike Industries G4 salveava Glocki mudelitele 17\/22\/31\/34\/35 Gen4<\/h2>\n<p>Strike Industries GEN4 salveava Glocki jaoks. Loodud salve kiiremaks vahetamiseks, s\u00e4ilitades p\u00fcstoli peenikese k\u00e4epideme. \u00dchildub enamiku j\u00e4relturu salve p\u00f5hjaplaatide ja pikendustega.<\/p>\n<ul>\n<li>Laiendatud salveava salve sujuvamaks sisestamiseks<\/li>\n<li>Lihtne paigaldus ainulaadse lukustusmehhanismiga<\/li>\n<li>Kerge, tugevast pol\u00fcmeerist konstruktsioon<\/li>\n<li>\u00dchildub Glock 17\/22\/31\/34\/35 GEN4 mudelitega<\/li>\n<li>Disainitud Glocki tehase +0 tagumise k\u00e4epidemega<\/li>\n<\/ul>\n<p><strong>M\u00e4rkus:<\/strong> \u00c4rge pingutage paigaldamisel seadekruvi \u00fcle, et v\u00e4ltida vale joondust v\u00f5i kahjustusi.<\/p>\n<p>Pakend sisaldab: G4 salveava, seadekruvi, M2 kuuskantv\u00f5ti ja hoiatuskaart.<\/p>\n<\/div>\n","protected":false},"excerpt":{"rendered":"<p>T\u00e4iustage Glock 17\/22\/31\/34\/35 Gen4 relvasid SI G4 salvesuudmega.<\/p>\n","protected":false},"featured_media":491002,"template":"","meta":{"_acf_changed":false},"product_brand":[11403,11548],"product_cat":[2169,2993],"product_tag":[],"class_list":{"0":"post-527703","1":"product","2":"type-product","3":"status-publish","4":"has-post-thumbnail","6":"product_brand-glock","7":"product_brand-magpul","8":"product_cat-pistol-et","9":"product_cat-pistol-parts-et","11":"first","12":"instock","13":"taxable","14":"shipping-taxable","15":"purchasable","16":"product-type-simple"},"acf":[],"_links":{"self":[{"href":"https:\/\/staging.nbg.eu\/et\/wp-json\/wp\/v2\/product\/527703","targetHints":{"allow":["GET"]}}],"collection":[{"href":"https:\/\/staging.nbg.eu\/et\/wp-json\/wp\/v2\/product"}],"about":[{"href":"https:\/\/staging.nbg.eu\/et\/wp-json\/wp\/v2\/types\/product"}],"wp:featuredmedia":[{"embeddable":true,"href":"https:\/\/staging.nbg.eu\/et\/wp-json\/wp\/v2\/media\/491002"}],"wp:attachment":[{"href":"https:\/\/staging.nbg.eu\/et\/wp-json\/wp\/v2\/media?parent=527703"}],"wp:term":[{"taxonomy":"product_brand","embeddable":true,"href":"https:\/\/staging.nbg.eu\/et\/wp-json\/wp\/v2\/product_brand?post=527703"},{"taxonomy":"product_cat","embeddable":true,"href":"https:\/\/staging.nbg.eu\/et\/wp-json\/wp\/v2\/product_cat?post=527703"},{"taxonomy":"product_tag","embeddable":true,"href":"https:\/\/staging.nbg.eu\/et\/wp-json\/wp\/v2\/product_tag?post=527703"}],"curies":[{"name":"wp","href":"https:\/\/api.w.org\/{rel}","templated":true}]}}