{"id":527597,"date":"2025-09-02T20:20:53","date_gmt":"2025-09-02T17:20:53","guid":{"rendered":"https:\/\/staging.nbg.eu\/product\/strike-industries-ak-rear-sight-rail-black-si-akrr\/"},"modified":"2025-09-25T22:27:03","modified_gmt":"2025-09-25T19:27:03","slug":"strike-industries-ak-tagumine-sihiku-rail-must-si-akrr","status":"publish","type":"product","link":"https:\/\/staging.nbg.eu\/et\/toode\/strike-industries-ak-tagumine-sihiku-rail-must-si-akrr\/","title":{"rendered":"Strike Industries &#8211; AK Tagumine Sihiku Rail &#8211; Must &#8211; SI-AKRR"},"content":{"rendered":"<div class=\"product-description\">\n<h2>Strike Industries &#8211; AK tagumise sihiku relss &#8211; Must &#8211; SI-AKRR<\/h2>\n<p>AK perekonna karabiin t\u00e4iendus Strike Industries tagumise sihiku relssiga. See tarvik pakub:<\/p>\n<ul>\n<li>Picatinny-\u00fchilduv kinnitus madala profiiliga optikale<\/li>\n<li>6061 lennukialumiiniumist konstruktsioon<\/li>\n<li>Kasutatav ka tavalise p\u00fcssi sihikuna<\/li>\n<li>Vertikaalse ja horisontaalse reguleerimise v\u00f5imalused<\/li>\n<li>Kerge, kaalub ainult 38g<\/li>\n<\/ul>\n<p>Pikkusega 99,7mm ja laiusega 21mm, see must relss asendab AK tagumise sihiku. Sellel on k\u00fclgmised s\u00fcvendid v\u00e4rvimiseks ja piisav kliirens raudsihiku kasutamiseks, kui optikat ei ole paigaldatud.<\/p>\n<p>See lisand suurendab AK mitmek\u00fclgsust ja t\u00e4psust.<\/p>\n<\/div>\n","protected":false},"excerpt":{"rendered":"<p>AK tagumise sihiku relsis\u00fcsteem optikale. Vastupidav alumiinium, Picatinny-\u00fchilduv.<\/p>\n","protected":false},"featured_media":490587,"template":"","meta":{"_acf_changed":false},"product_brand":[],"product_cat":[1354],"product_tag":[],"class_list":{"0":"post-527597","1":"product","2":"type-product","3":"status-publish","4":"has-post-thumbnail","6":"product_cat-ak-tuning-et","8":"first","9":"instock","10":"taxable","11":"shipping-taxable","12":"purchasable","13":"product-type-simple"},"acf":[],"_links":{"self":[{"href":"https:\/\/staging.nbg.eu\/et\/wp-json\/wp\/v2\/product\/527597","targetHints":{"allow":["GET"]}}],"collection":[{"href":"https:\/\/staging.nbg.eu\/et\/wp-json\/wp\/v2\/product"}],"about":[{"href":"https:\/\/staging.nbg.eu\/et\/wp-json\/wp\/v2\/types\/product"}],"wp:featuredmedia":[{"embeddable":true,"href":"https:\/\/staging.nbg.eu\/et\/wp-json\/wp\/v2\/media\/490587"}],"wp:attachment":[{"href":"https:\/\/staging.nbg.eu\/et\/wp-json\/wp\/v2\/media?parent=527597"}],"wp:term":[{"taxonomy":"product_brand","embeddable":true,"href":"https:\/\/staging.nbg.eu\/et\/wp-json\/wp\/v2\/product_brand?post=527597"},{"taxonomy":"product_cat","embeddable":true,"href":"https:\/\/staging.nbg.eu\/et\/wp-json\/wp\/v2\/product_cat?post=527597"},{"taxonomy":"product_tag","embeddable":true,"href":"https:\/\/staging.nbg.eu\/et\/wp-json\/wp\/v2\/product_tag?post=527597"}],"curies":[{"name":"wp","href":"https:\/\/api.w.org\/{rel}","templated":true}]}}